{"id":29752,"date":"2023-01-11T09:49:14","date_gmt":"2023-01-11T08:49:14","guid":{"rendered":"https:\/\/trivec.aws-staging.swace.se\/?page_id=29752"},"modified":"2023-02-02T10:05:49","modified_gmt":"2023-02-02T09:05:49","slug":"cest-ma-tournee","status":"publish","type":"page","link":"https:\/\/trivec.aws-staging.swace.se\/be-fr\/cest-ma-tournee\/","title":{"rendered":"C\u00b4est ma Tourn\u00e9e"},"content":{"rendered":"<div class=\"wpb-content-wrapper\"><p>[vc_row][vc_column][vc_single_image image=\u00a0\u00bb29746&Prime; img_size=\u00a0\u00bb2000&#215;600&Prime; alignment=\u00a0\u00bbcenter\u00a0\u00bb][vc_column_text]Anthony Vangerven, g\u00e9rant du bar \u2018C\u2019est ma Tourn\u00e9e<\/p>\n<h1>Le bar \u201cC\u2019est ma Tourn\u00e9e\u201d s\u2019\u00e9quipe des solutions Trivec pour faciliter la gestion de son \u00e9tablissement<\/h1>\n<p>[\/vc_column_text][vc_column_text]Anthony Vangerven, g\u00e9rant du bar bruxellois \u2018C\u2019est ma Tourn\u00e9e\u2019, conna\u00eet tr\u00e8s bien les solutions Trivec. Il les utilise depuis 11 ans, et son associ\u00e9 depuis 20 ans. C\u2019est dire si la satisfaction est de mise au n\u00b02 de la rue du Lombard, o\u00f9 se situe ce bar chaleureux r\u00e9put\u00e9 pour ses cocktails. Anthony nous d\u00e9taille les solutions qu\u2019il qualifie lui-m\u00eame de \u00ab\u2009super pratiques\u2009\u00bb.[\/vc_column_text][vc_column_text]<\/p>\n<h3>Les syst\u00e8mes de contr\u00f4le et de dosage de bar sont essentiels pour d\u00e9livrer un service de qualit\u00e9<\/h3>\n<p>[\/vc_column_text][vc_column_text]\u2018C\u2019est ma Tourn\u00e9e\u2019 utilise trois produits de Trivec : le doseur \u00e9lectronique d\u2019alcool (ou syst\u00e8me ABC), le speed rail bar et la caisse enregistreuse. Anthony Vangerven pr\u00e9cise : \u00ab\u2009L\u2019ABC permet un contr\u00f4le total du service des boissons, en particulier pour les cocktails o\u00f9 les doses sont tr\u00e8s importantes. Contr\u00f4le sur les doses donc, toujours pr\u00e9cises et parfaitement adapt\u00e9es \u00e0 la demande du client, mais aussi contr\u00f4le d\u2019\u00e9ventuels \u2018d\u00e9rapages\u2019 de la part du personnel. Le syst\u00e8me de dosage est tr\u00e8s pr\u00e9cis et emp\u00eache toute tentative de triche. Idem pour le &lsquo;speed rail bar&rsquo; qui permet de servir la proportion exacte de la boisson demand\u00e9e. Ce syst\u00e8me est rapide surtout pour les boissons les plus populaires.\u2009\u00bb[\/vc_column_text][vc_column_text]Pour l\u2019\u00e9tablissement, ces solutions pr\u00e9sentent de multiples avantages : la rapidit\u00e9 du service, le contr\u00f4le pr\u00e9cis des quantit\u00e9s fournies avec, comme corollaire, l\u2019exclusion de tout gaspillage \u2013 et donc pas de perte d\u2019argent ! \u2013 ainsi qu\u2019une plus grande satisfaction du client. \u00ab\u2009Ces solutions sont particuli\u00e8rement performantes lorsque nous engageons du personnel suppl\u00e9mentaire, comme durant les mois d\u2019\u00e9t\u00e9 par exemple. Plus le personnel est nombreux, plus ces outils sont int\u00e9ressants\u2009\u00bb, pr\u00e9cise encore Anthony avant d\u2019ajouter : \u00ab\u2009Le client, de son c\u00f4t\u00e9, est s\u00fbr d\u2019avoir la boisson qu\u2019il a command\u00e9e. Le risque d\u2019erreur est exclu, la dur\u00e9e d\u2019attente est moindre, et un client satisfait est un client qui revient\u2026\u2009\u00bb[\/vc_column_text][vc_column_text]<\/p>\n<blockquote><p><strong>Avantages de l\u2019automatisation\u00a0= rapidit\u00e9, contr\u00f4le, pas de gaspillage ni de triche\u00a0= plus de rendement\u00a0!<\/strong><\/p><\/blockquote>\n<p>[\/vc_column_text][\/vc_column][\/vc_row][vc_row padding_top=\u00a0\u00bbnone\u00a0\u00bb padding_bottom=\u00a0\u00bbnone\u00a0\u00bb use_background_image=\u00a0\u00bbyes\u00a0\u00bb vertical_align_center=\u00a0\u00bbyes\u00a0\u00bb][vc_column width=\u00a0\u00bb1\/2&Prime;][vc_single_image image=\u00a0\u00bb30038&Prime; img_size=\u00a0\u00bbmedium\u00a0\u00bb alignment=\u00a0\u00bbcenter\u00a0\u00bb][vc_btn cta_text_color=\u00a0\u00bbwhite\u00a0\u00bb title=\u00a0\u00bbT\u00e8l\u00e8charger ici\u00a0\u00bb align=\u00a0\u00bbcenter\u00a0\u00bb link=\u00a0\u00bburl:https%3A%2F%2Fwww.trivec.fr%2Fressources%2Flivre-blancs%2Fouvrir-un-bar%2F|title:Ouvrir%20un%20bar|target:_blank\u00a0\u00bb][\/vc_column][vc_column width=\u00a0\u00bb1\/2&Prime;][vc_column_text]<\/p>\n<h2>Augmentez vos revenus avec des syst\u00e8mes de boisson connect\u00e9s !<\/h2>\n<p>[\/vc_column_text][\/vc_column][\/vc_row][vc_row][vc_column][vc_column_text]<\/p>\n<h3>Le logiciel de caisse, la pierre angulaire d\u2019une bonne gestion de bar<\/h3>\n<p>[\/vc_column_text][vc_column_text]Ces deux syst\u00e8mes sont int\u00e9gr\u00e9s \u00e0 la caisse enregistreuse Trivec, ce qui permet une gestion globale des op\u00e9rations. \u00ab\u2009\u00c0 la fermeture de l\u2019\u00e9tablissement, la caisse enregistreuse \u00e9tablit un relev\u00e9 d\u00e9taill\u00e9 des transactions de la journ\u00e9e, qui est envoy\u00e9 directement \u00e0 la comptabilit\u00e9. Tout se voit tout de suite\u00a0: pas d\u2019erreur possible, ni tricherie ni vol. Au-del\u00e0, cette int\u00e9gration permet aussi une gestion des stocks de boissons. Nous pouvons voir ais\u00e9ment les produits qui ont du succ\u00e8s et ceux qui n\u2019en ont pas, et nous savons exactement comment r\u00e9approvisionner. Nous pouvons \u00e9galement \u00e9tablir des statistiques par jour, par semaine, par ann\u00e9e, etc. Le syst\u00e8me est tr\u00e8s convivial et ne n\u00e9cessite qu\u2019une demi-journ\u00e9e de formation, prodigu\u00e9e par Trivec. La gamme de produits Trivec que nous utilisons actuellement a \u00e9t\u00e9 acquise il y a deux ans, peu apr\u00e8s le confinement. Elle remplace d\u2019autres solutions du m\u00eame fournisseur.\u2009\u00bb<\/p>\n<p>&nbsp;<\/p>\n<p>Photo: Trivec \u00e9quipe le bar \u2018C\u2019est ma tourn\u00e9e\u2019 depuis de nombreuses ann\u00e9es. Une belle preuve de confiance et de satisfaction.[\/vc_column_text][\/vc_column][\/vc_row]<\/p>\n<\/div>","protected":false},"excerpt":{"rendered":"<p>[vc_row][vc_column][vc_single_image image=\u00a0\u00bb29746&Prime; img_size=\u00a0\u00bb2000&#215;600&Prime; alignment=\u00a0\u00bbcenter\u00a0\u00bb][vc_column_text]Anthony Vangerven, g\u00e9rant du bar \u2018C\u2019est ma Tourn\u00e9e Le bar \u201cC\u2019est ma Tourn\u00e9e\u201d s\u2019\u00e9quipe des solutions Trivec pour faciliter la gestion de son \u00e9tablissement [\/vc_column_text][vc_column_text]Anthony Vangerven, g\u00e9rant du bar bruxellois \u2018C\u2019est ma Tourn\u00e9e\u2019, conna\u00eet tr\u00e8s bien les solutions Trivec. Il les utilise depuis 11 ans, et son associ\u00e9 depuis 20 ans. C\u2019est [&hellip;]<\/p>\n","protected":false},"author":21,"featured_media":29746,"parent":0,"menu_order":0,"comment_status":"closed","ping_status":"closed","template":"","meta":{"_acf_changed":false,"content-type":"","footnotes":""},"class_list":["post-29752","page","type-page","status-publish","has-post-thumbnail","hentry"],"acf":[],"yoast_head":"<!-- This site is optimized with the Yoast SEO plugin v27.2 - https:\/\/yoast.com\/product\/yoast-seo-wordpress\/ -->\n<title>C\u00b4est ma tournee - Trivec<\/title>\n<meta name=\"description\" content=\"Anthony Vangerven, g\u00e9rant du bar bruxellois \u2018C\u2019est ma tourn\u00e9e\u2019, conna\u00eet tr\u00e8s bien les solutions de Trivec.\" \/>\n<meta name=\"robots\" content=\"noindex, follow\" \/>\n<meta property=\"og:locale\" content=\"en_US\" \/>\n<meta property=\"og:type\" content=\"article\" \/>\n<meta property=\"og:title\" content=\"C\u00b4est ma tournee - Trivec\" \/>\n<meta property=\"og:description\" content=\"Anthony Vangerven, g\u00e9rant du bar bruxellois \u2018C\u2019est ma tourn\u00e9e\u2019, conna\u00eet tr\u00e8s bien les solutions de Trivec.\" \/>\n<meta property=\"og:url\" content=\"https:\/\/trivec.aws-staging.swace.se\/be-fr\/cest-ma-tournee\/\" \/>\n<meta property=\"og:site_name\" content=\"Trivec\" \/>\n<meta property=\"article:modified_time\" content=\"2023-02-02T09:05:49+00:00\" \/>\n<meta property=\"og:image\" content=\"https:\/\/www.trivec.aws-staging.swace.se\/wp\/uploads\/2023\/01\/C\u00b4est_ma_tournee_web_customer.jpg\" \/>\n\t<meta property=\"og:image:width\" content=\"1500\" \/>\n\t<meta property=\"og:image:height\" content=\"1500\" \/>\n\t<meta property=\"og:image:type\" content=\"image\/jpeg\" \/>\n<meta name=\"twitter:card\" content=\"summary_large_image\" \/>\n<meta name=\"twitter:label1\" content=\"Est. reading time\" \/>\n\t<meta name=\"twitter:data1\" content=\"3 minutes\" \/>\n<script type=\"application\/ld+json\" class=\"yoast-schema-graph\">{\"@context\":\"https:\/\/schema.org\",\"@graph\":[{\"@type\":\"WebPage\",\"@id\":\"https:\/\/trivec.aws-staging.swace.se\/be-fr\/cest-ma-tournee\/\",\"url\":\"https:\/\/trivec.aws-staging.swace.se\/be-fr\/cest-ma-tournee\/\",\"name\":\"C\u00b4est ma tournee - Trivec\",\"isPartOf\":{\"@id\":\"https:\/\/trivec.aws-staging.swace.se\/be-fr\/#website\"},\"primaryImageOfPage\":{\"@id\":\"https:\/\/trivec.aws-staging.swace.se\/be-fr\/cest-ma-tournee\/#primaryimage\"},\"image\":{\"@id\":\"https:\/\/trivec.aws-staging.swace.se\/be-fr\/cest-ma-tournee\/#primaryimage\"},\"thumbnailUrl\":\"https:\/\/trivec.aws-staging.swace.se\/wp\/uploads\/2023\/01\/C\u00b4est_ma_tournee_web_customer.jpg\",\"datePublished\":\"2023-01-11T08:49:14+00:00\",\"dateModified\":\"2023-02-02T09:05:49+00:00\",\"description\":\"Anthony Vangerven, g\u00e9rant du bar bruxellois \u2018C\u2019est ma tourn\u00e9e\u2019, conna\u00eet tr\u00e8s bien les solutions de Trivec.\",\"breadcrumb\":{\"@id\":\"https:\/\/trivec.aws-staging.swace.se\/be-fr\/cest-ma-tournee\/#breadcrumb\"},\"inLanguage\":\"fr-BE\",\"potentialAction\":[{\"@type\":\"ReadAction\",\"target\":[\"https:\/\/trivec.aws-staging.swace.se\/be-fr\/cest-ma-tournee\/\"]}]},{\"@type\":\"ImageObject\",\"inLanguage\":\"fr-BE\",\"@id\":\"https:\/\/trivec.aws-staging.swace.se\/be-fr\/cest-ma-tournee\/#primaryimage\",\"url\":\"https:\/\/trivec.aws-staging.swace.se\/wp\/uploads\/2023\/01\/C\u00b4est_ma_tournee_web_customer.jpg\",\"contentUrl\":\"https:\/\/trivec.aws-staging.swace.se\/wp\/uploads\/2023\/01\/C\u00b4est_ma_tournee_web_customer.jpg\",\"width\":1500,\"height\":1500,\"caption\":\"C \u00b4est ma tournee\"},{\"@type\":\"BreadcrumbList\",\"@id\":\"https:\/\/trivec.aws-staging.swace.se\/be-fr\/cest-ma-tournee\/#breadcrumb\",\"itemListElement\":[{\"@type\":\"ListItem\",\"position\":1,\"name\":\"Home\",\"item\":\"https:\/\/trivec.aws-staging.swace.se\/be-fr\/\"},{\"@type\":\"ListItem\",\"position\":2,\"name\":\"C\u00b4est ma Tourn\u00e9e\"}]},{\"@type\":\"WebSite\",\"@id\":\"https:\/\/trivec.aws-staging.swace.se\/be-fr\/#website\",\"url\":\"https:\/\/trivec.aws-staging.swace.se\/be-fr\/\",\"name\":\"Trivec\",\"description\":\"Leader du march\u00e9 en caisses enregistreuses et automatisation de bar\",\"potentialAction\":[{\"@type\":\"SearchAction\",\"target\":{\"@type\":\"EntryPoint\",\"urlTemplate\":\"https:\/\/trivec.aws-staging.swace.se\/be-fr\/?s={search_term_string}\"},\"query-input\":{\"@type\":\"PropertyValueSpecification\",\"valueRequired\":true,\"valueName\":\"search_term_string\"}}],\"inLanguage\":\"fr-BE\"}]}<\/script>\n<!-- \/ Yoast SEO plugin. -->","yoast_head_json":{"title":"C\u00b4est ma tournee - Trivec","description":"Anthony Vangerven, g\u00e9rant du bar bruxellois \u2018C\u2019est ma tourn\u00e9e\u2019, conna\u00eet tr\u00e8s bien les solutions de Trivec.","robots":{"index":"noindex","follow":"follow"},"og_locale":"en_US","og_type":"article","og_title":"C\u00b4est ma tournee - Trivec","og_description":"Anthony Vangerven, g\u00e9rant du bar bruxellois \u2018C\u2019est ma tourn\u00e9e\u2019, conna\u00eet tr\u00e8s bien les solutions de Trivec.","og_url":"https:\/\/trivec.aws-staging.swace.se\/be-fr\/cest-ma-tournee\/","og_site_name":"Trivec","article_modified_time":"2023-02-02T09:05:49+00:00","og_image":[{"width":1500,"height":1500,"url":"https:\/\/www.trivec.aws-staging.swace.se\/wp\/uploads\/2023\/01\/C\u00b4est_ma_tournee_web_customer.jpg","type":"image\/jpeg"}],"twitter_card":"summary_large_image","twitter_misc":{"Est. reading time":"3 minutes"},"schema":{"@context":"https:\/\/schema.org","@graph":[{"@type":"WebPage","@id":"https:\/\/trivec.aws-staging.swace.se\/be-fr\/cest-ma-tournee\/","url":"https:\/\/trivec.aws-staging.swace.se\/be-fr\/cest-ma-tournee\/","name":"C\u00b4est ma tournee - Trivec","isPartOf":{"@id":"https:\/\/trivec.aws-staging.swace.se\/be-fr\/#website"},"primaryImageOfPage":{"@id":"https:\/\/trivec.aws-staging.swace.se\/be-fr\/cest-ma-tournee\/#primaryimage"},"image":{"@id":"https:\/\/trivec.aws-staging.swace.se\/be-fr\/cest-ma-tournee\/#primaryimage"},"thumbnailUrl":"https:\/\/trivec.aws-staging.swace.se\/wp\/uploads\/2023\/01\/C\u00b4est_ma_tournee_web_customer.jpg","datePublished":"2023-01-11T08:49:14+00:00","dateModified":"2023-02-02T09:05:49+00:00","description":"Anthony Vangerven, g\u00e9rant du bar bruxellois \u2018C\u2019est ma tourn\u00e9e\u2019, conna\u00eet tr\u00e8s bien les solutions de Trivec.","breadcrumb":{"@id":"https:\/\/trivec.aws-staging.swace.se\/be-fr\/cest-ma-tournee\/#breadcrumb"},"inLanguage":"fr-BE","potentialAction":[{"@type":"ReadAction","target":["https:\/\/trivec.aws-staging.swace.se\/be-fr\/cest-ma-tournee\/"]}]},{"@type":"ImageObject","inLanguage":"fr-BE","@id":"https:\/\/trivec.aws-staging.swace.se\/be-fr\/cest-ma-tournee\/#primaryimage","url":"https:\/\/trivec.aws-staging.swace.se\/wp\/uploads\/2023\/01\/C\u00b4est_ma_tournee_web_customer.jpg","contentUrl":"https:\/\/trivec.aws-staging.swace.se\/wp\/uploads\/2023\/01\/C\u00b4est_ma_tournee_web_customer.jpg","width":1500,"height":1500,"caption":"C \u00b4est ma tournee"},{"@type":"BreadcrumbList","@id":"https:\/\/trivec.aws-staging.swace.se\/be-fr\/cest-ma-tournee\/#breadcrumb","itemListElement":[{"@type":"ListItem","position":1,"name":"Home","item":"https:\/\/trivec.aws-staging.swace.se\/be-fr\/"},{"@type":"ListItem","position":2,"name":"C\u00b4est ma Tourn\u00e9e"}]},{"@type":"WebSite","@id":"https:\/\/trivec.aws-staging.swace.se\/be-fr\/#website","url":"https:\/\/trivec.aws-staging.swace.se\/be-fr\/","name":"Trivec","description":"Leader du march\u00e9 en caisses enregistreuses et automatisation de bar","potentialAction":[{"@type":"SearchAction","target":{"@type":"EntryPoint","urlTemplate":"https:\/\/trivec.aws-staging.swace.se\/be-fr\/?s={search_term_string}"},"query-input":{"@type":"PropertyValueSpecification","valueRequired":true,"valueName":"search_term_string"}}],"inLanguage":"fr-BE"}]}},"_links":{"self":[{"href":"https:\/\/trivec.aws-staging.swace.se\/be-fr\/wp-json\/wp\/v2\/pages\/29752","targetHints":{"allow":["GET"]}}],"collection":[{"href":"https:\/\/trivec.aws-staging.swace.se\/be-fr\/wp-json\/wp\/v2\/pages"}],"about":[{"href":"https:\/\/trivec.aws-staging.swace.se\/be-fr\/wp-json\/wp\/v2\/types\/page"}],"author":[{"embeddable":true,"href":"https:\/\/trivec.aws-staging.swace.se\/be-fr\/wp-json\/wp\/v2\/users\/21"}],"replies":[{"embeddable":true,"href":"https:\/\/trivec.aws-staging.swace.se\/be-fr\/wp-json\/wp\/v2\/comments?post=29752"}],"version-history":[{"count":9,"href":"https:\/\/trivec.aws-staging.swace.se\/be-fr\/wp-json\/wp\/v2\/pages\/29752\/revisions"}],"predecessor-version":[{"id":30496,"href":"https:\/\/trivec.aws-staging.swace.se\/be-fr\/wp-json\/wp\/v2\/pages\/29752\/revisions\/30496"}],"wp:featuredmedia":[{"embeddable":true,"href":"https:\/\/trivec.aws-staging.swace.se\/be-fr\/wp-json\/wp\/v2\/media\/29746"}],"wp:attachment":[{"href":"https:\/\/trivec.aws-staging.swace.se\/be-fr\/wp-json\/wp\/v2\/media?parent=29752"}],"curies":[{"name":"wp","href":"https:\/\/api.w.org\/{rel}","templated":true}]}}