{"id":29733,"date":"2023-01-10T16:18:22","date_gmt":"2023-01-10T15:18:22","guid":{"rendered":"https:\/\/trivec.aws-staging.swace.se\/?page_id=29733"},"modified":"2023-02-02T10:11:54","modified_gmt":"2023-02-02T09:11:54","slug":"vieux-saint-antoine","status":"publish","type":"page","link":"https:\/\/trivec.aws-staging.swace.se\/be-fr\/clients\/vieux-saint-antoine\/","title":{"rendered":"Au Vieux Saint Antoine"},"content":{"rendered":"<div class=\"wpb-content-wrapper\"><p>[vc_row][vc_column][vc_single_image image=\u00a0\u00bb29718&Prime; img_size=\u00a0\u00bb2000&#215;600&Prime;][vc_column_text]<\/p>\n<h1>Eliminer le risque de pertes gr\u00e2ce au doseur \u00e9lectronique<\/h1>\n<p>[\/vc_column_text][vc_column_text]Le bar \u2019Au Vieux Saint-Antoine\u2019 vous propose ses bi\u00e8res, vins, alcools et cocktails \u00e0 la rue du March\u00e9 au Charbon, \u00e0 proximit\u00e9 de la Grand-Place de Bruxelles. Un quartier particuli\u00e8rement fr\u00e9quent\u00e9 avec une client\u00e8le exigeante. Pour la satisfaire, Jean-Louis Ross, propri\u00e9taire-exploitant de l\u2019\u00e9tablissement, s\u2019appuie sur les solutions Trivec.[\/vc_column_text][vc_column_text]<span data-contrast=\"auto\">Actuellement, le bar \u2018Au Vieux Saint-Antoine\u2019 utilise le doseur \u00e9lectronique de bar (syst\u00e8me ABC) pour le dosage d\u2019alcool. Jean-Louis Ross\u202f: \u00ab\u2009Ce syst\u00e8me permet un contr\u00f4le pr\u00e9cis des co\u00fbts, notamment en \u00e9liminant le risque de pertes. Sans le doseur, la perte est comprise entre 10 et 20\u202f%, ce qui s\u2019av\u00e8re cons\u00e9quent. Si l\u2019acquisition de ce type de syst\u00e8me repr\u00e9sente une certaine somme, celle-ci est tr\u00e8s vite amortie. Au-del\u00e0 de cet aspect li\u00e9 au prix, le doseur garantit un \u00e9quilibre, permet la comparaison entre les doses servies et les doses point\u00e9es. Il permet aussi un contr\u00f4le contre la fraude, \u00e9limine les surdosages \u00e9ventuels et autres \u2018faveurs\u2019 de la part du personnel envers certains clients.\u2009\u00bb<\/span><span data-ccp-props=\"{&quot;201341983&quot;:0,&quot;335551550&quot;:6,&quot;335551620&quot;:6,&quot;335559739&quot;:0,&quot;335559740&quot;:360}\">\u00a0<\/span>[\/vc_column_text][vc_column_text]<span data-contrast=\"auto\">Le client profite lui aussi du syst\u00e8me\u202f: \u00ab\u2009Le client re\u00e7oit toujours la m\u00eame dose verre apr\u00e8s verre, il est servi plus rapidement, c\u2019est important pour tout le monde et particuli\u00e8rement pour les habitu\u00e9s qui sont s\u00fbrs de retrouver la m\u00eame qualit\u00e9 dans leur boisson favorite\u2009\u00bb, ajoute Jean-Louis Ross.<\/span><span data-ccp-props=\"{&quot;201341983&quot;:0,&quot;335551550&quot;:6,&quot;335551620&quot;:6,&quot;335559739&quot;:0,&quot;335559740&quot;:360}\">\u00a0<\/span><\/p>\n<p><span data-contrast=\"auto\">Le doseur \u00e9lectronique fonctionne en lien avec un monnayeur automatique (Glory CI-10) pour la gestion du cash int\u00e9gr\u00e9 par Trivec dans sa caisse enregistreuse. \u00ab\u2009Trivec est tr\u00e8s performant \u00e0 ce niveau et propose la meilleure int\u00e9gration du march\u00e9\u2009\u00bb, souligne Jean-Louis Ross.<\/span><span data-ccp-props=\"{&quot;201341983&quot;:0,&quot;335551550&quot;:6,&quot;335551620&quot;:6,&quot;335559739&quot;:0,&quot;335559740&quot;:360}\">\u00a0<\/span><\/p>\n<blockquote><p><span data-contrast=\"auto\">Jean-Louis Ross, propri\u00e9taire et exploitant du bar \u2018Au Vieux Saint-Antoine\u2019<\/span><span data-ccp-props=\"{&quot;201341983&quot;:0,&quot;335551550&quot;:6,&quot;335551620&quot;:6,&quot;335559739&quot;:0,&quot;335559740&quot;:360}\">\u00a0<\/span><\/p>\n<p><strong>Trivec propose les meilleures int\u00e9grations du march\u00e9\u00a0!<\/strong><\/p><\/blockquote>\n<p>[\/vc_column_text][\/vc_column][\/vc_row][vc_row padding_top=\u00a0\u00bbnone\u00a0\u00bb padding_bottom=\u00a0\u00bbnone\u00a0\u00bb use_background_image=\u00a0\u00bbyes\u00a0\u00bb vertical_align_center=\u00a0\u00bbyes\u00a0\u00bb][vc_column width=\u00a0\u00bb1\/2&Prime;][vc_single_image image=\u00a0\u00bb30038&Prime; img_size=\u00a0\u00bbmedium\u00a0\u00bb alignment=\u00a0\u00bbcenter\u00a0\u00bb][vc_btn cta_text_color=\u00a0\u00bbwhite\u00a0\u00bb title=\u00a0\u00bbT\u00e9l\u00e9charger le livre blanc\u00a0\u00bb align=\u00a0\u00bbcenter\u00a0\u00bb link=\u00a0\u00bburl:https%3A%2F%2Fwww.trivec.fr%2Fressources%2Flivre-blancs%2Fouvrir-un-bar%2F|title:Syst%C3%A8me%20boissons|target:_blank\u00a0\u00bb][\/vc_column][vc_column width=\u00a0\u00bb1\/2&Prime;][vc_column_text]<\/p>\n<h2>Augmentez vos revenus avec des syst\u00e8mes de boisson connect\u00e9s !<\/h2>\n<p>[\/vc_column_text][\/vc_column][\/vc_row][vc_row][vc_column][vc_column_text]<\/p>\n<h3><b><span data-contrast=\"auto\">MyTrivec, le portail web id\u00e9al pour la gestion comptable du restaurant\u00a0<\/span><\/b><span data-ccp-props=\"{&quot;201341983&quot;:0,&quot;335551550&quot;:6,&quot;335551620&quot;:6,&quot;335559739&quot;:0,&quot;335559740&quot;:360}\">\u00a0<\/span><\/h3>\n<p>[\/vc_column_text][vc_column_text]<span data-contrast=\"auto\">Mais ce n\u2019est pas son seul avantage,\u202fcomme l\u2019explique le patron de l\u2019\u00e9tablissement\u202f: \u00ab\u2009L\u2019acc\u00e8s \u00e0 MyTrivec nous permet, sur base des donn\u00e9es de la caisse enregistreuse, d\u2019effectuer un contr\u00f4le tr\u00e8s pr\u00e9cis de toutes les transactions, d\u2019obtenir des statistiques et des rapports \u2013 par heure, par type de produits, etc. \u2013 facilitant grandement la gestion des stocks et favorisant une comptabilit\u00e9 transparente. Un e-mail arrive tous les jours chez le comptable avec toutes les donn\u00e9es utiles pour une int\u00e9gration compl\u00e8te. Plus le d\u00e9bit est important, plus le syst\u00e8me s\u2019av\u00e8re pr\u00e9cieux. \u00c0 l\u2019avenir, nous irons plus loin encore en termes d\u2019int\u00e9gration, dans le domaine comptable, dans l\u2019\u00e9tablissement des horaires, etc. Nous voulons int\u00e9grer un maximum pour faire des \u00e9conomies et donc gagner de l\u2019argent.\u2009\u00bb<\/span><span data-ccp-props=\"{&quot;201341983&quot;:0,&quot;335551550&quot;:6,&quot;335551620&quot;:6,&quot;335559739&quot;:0,&quot;335559740&quot;:360}\">\u00a0<\/span>[\/vc_column_text][vc_column_text]<\/p>\n<h3><b><span data-contrast=\"auto\">Trivec HandyPay, le pad de commande et de paiement pour faciliter le quotidien du personnel de salle<\/span><\/b><span data-ccp-props=\"{&quot;201341983&quot;:0,&quot;335551550&quot;:6,&quot;335551620&quot;:6,&quot;335559739&quot;:0,&quot;335559740&quot;:360}\">\u00a0<\/span><\/h3>\n<p>[\/vc_column_text][vc_column_text]<span data-contrast=\"auto\">Et puisqu\u2019on parle d\u2019avenir et d\u2019int\u00e9gration, Jean-Louis Ross proc\u00e8de en ce moment \u00e0 des tests pour la prise de commandes et l\u2019encaissement en terrasse via Trivec Handy (Handy Pay). \u00ab\u2009La particularit\u00e9 du syst\u00e8me r\u00e9side dans le fait que le serveur peut prendre la commande et encaisser tout de suite en terrasse sur le m\u00eame terminal. C\u2019est novateur. Nous esp\u00e9rons d\u00e9ployer le syst\u00e8me d\u00e8s le printemps. Et tr\u00e8s prochainement, nous commencerons la petite restauration. Au vu des avantages en mati\u00e8re de logique de commande dans le syst\u00e8me de caisse, cela permettra d\u2019envoyer les commandes en cuisine avec pr\u00e9cision et annotations, directement depuis la terrasse. Le temps de trajet est optimis\u00e9 pour le serveur, limitant les besoins en personnel de salle d\u2019environ 30\u202f%.\u2009\u00bb<\/span><span data-ccp-props=\"{&quot;201341983&quot;:0,&quot;335551550&quot;:6,&quot;335551620&quot;:6,&quot;335559739&quot;:0,&quot;335559740&quot;:360}\">\u00a0<\/span><\/p>\n<p><span data-ccp-props=\"{&quot;201341983&quot;:0,&quot;335551550&quot;:6,&quot;335551620&quot;:6,&quot;335559739&quot;:0,&quot;335559740&quot;:360}\">\u00a0<\/span><\/p>\n<p><span data-contrast=\"auto\">Photo\u202f: Jean-Louis Ross\u202f: \u00ab\u2009Sans le doseur, la perte due au coulage est comprise entre 10 et 20\u202f%, ce qui s\u2019av\u00e8re cons\u00e9quent.\u2009\u00bb<\/span><span data-ccp-props=\"{&quot;201341983&quot;:0,&quot;335551550&quot;:6,&quot;335551620&quot;:6,&quot;335559739&quot;:0,&quot;335559740&quot;:360}\">\u00a0<\/span>[\/vc_column_text][\/vc_column][\/vc_row]<\/p>\n<\/div>","protected":false},"excerpt":{"rendered":"<p>[vc_row][vc_column][vc_single_image image=\u00a0\u00bb29718&Prime; img_size=\u00a0\u00bb2000&#215;600&Prime;][vc_column_text] Eliminer le risque de pertes gr\u00e2ce au doseur \u00e9lectronique [\/vc_column_text][vc_column_text]Le bar \u2019Au Vieux Saint-Antoine\u2019 vous propose ses bi\u00e8res, vins, alcools et cocktails \u00e0 la rue du March\u00e9 au Charbon, \u00e0 proximit\u00e9 de la Grand-Place de Bruxelles. Un quartier particuli\u00e8rement fr\u00e9quent\u00e9 avec une client\u00e8le exigeante. Pour la satisfaire, Jean-Louis Ross, propri\u00e9taire-exploitant de l\u2019\u00e9tablissement, [&hellip;]<\/p>\n","protected":false},"author":21,"featured_media":29718,"parent":1100,"menu_order":0,"comment_status":"closed","ping_status":"closed","template":"","meta":{"_acf_changed":false,"content-type":"","footnotes":""},"class_list":["post-29733","page","type-page","status-publish","has-post-thumbnail","hentry"],"acf":[],"yoast_head":"<!-- This site is optimized with the Yoast SEO plugin v27.2 - https:\/\/yoast.com\/product\/yoast-seo-wordpress\/ -->\n<title>Au Vieux Sainte Antoine - Trivec<\/title>\n<meta name=\"description\" content=\"Actuellement, le bar \u2018Au Vieux Saint-Antoine\u2019 utilise le doseur \u00e9lectronique de bar (syst\u00e8me ABC) pour le dosage d\u2019alcool.\" \/>\n<meta name=\"robots\" content=\"noindex, follow\" \/>\n<meta property=\"og:locale\" content=\"en_US\" \/>\n<meta property=\"og:type\" content=\"article\" \/>\n<meta property=\"og:title\" content=\"Au Vieux Sainte Antoine - Trivec\" \/>\n<meta property=\"og:description\" content=\"Actuellement, le bar \u2018Au Vieux Saint-Antoine\u2019 utilise le doseur \u00e9lectronique de bar (syst\u00e8me ABC) pour le dosage d\u2019alcool.\" \/>\n<meta property=\"og:url\" content=\"https:\/\/trivec.aws-staging.swace.se\/be-fr\/clients\/vieux-saint-antoine\/\" \/>\n<meta property=\"og:site_name\" content=\"Trivec\" \/>\n<meta property=\"article:modified_time\" content=\"2023-02-02T09:11:54+00:00\" \/>\n<meta property=\"og:image\" content=\"https:\/\/www.trivec.aws-staging.swace.se\/wp\/uploads\/2023\/01\/AuVieux_Saint_Antoine_web_customer.jpg\" \/>\n\t<meta property=\"og:image:width\" content=\"1920\" \/>\n\t<meta property=\"og:image:height\" content=\"1920\" \/>\n\t<meta property=\"og:image:type\" content=\"image\/jpeg\" \/>\n<meta name=\"twitter:card\" content=\"summary_large_image\" \/>\n<meta name=\"twitter:label1\" content=\"Est. reading time\" \/>\n\t<meta name=\"twitter:data1\" content=\"3 minutes\" \/>\n<script type=\"application\/ld+json\" class=\"yoast-schema-graph\">{\"@context\":\"https:\/\/schema.org\",\"@graph\":[{\"@type\":\"WebPage\",\"@id\":\"https:\/\/trivec.aws-staging.swace.se\/be-fr\/clients\/vieux-saint-antoine\/\",\"url\":\"https:\/\/trivec.aws-staging.swace.se\/be-fr\/clients\/vieux-saint-antoine\/\",\"name\":\"Au Vieux Sainte Antoine - Trivec\",\"isPartOf\":{\"@id\":\"https:\/\/trivec.aws-staging.swace.se\/be-fr\/#website\"},\"primaryImageOfPage\":{\"@id\":\"https:\/\/trivec.aws-staging.swace.se\/be-fr\/clients\/vieux-saint-antoine\/#primaryimage\"},\"image\":{\"@id\":\"https:\/\/trivec.aws-staging.swace.se\/be-fr\/clients\/vieux-saint-antoine\/#primaryimage\"},\"thumbnailUrl\":\"https:\/\/trivec.aws-staging.swace.se\/wp\/uploads\/2023\/01\/AuVieux_Saint_Antoine_web_customer.jpg\",\"datePublished\":\"2023-01-10T15:18:22+00:00\",\"dateModified\":\"2023-02-02T09:11:54+00:00\",\"description\":\"Actuellement, le bar \u2018Au Vieux Saint-Antoine\u2019 utilise le doseur \u00e9lectronique de bar (syst\u00e8me ABC) pour le dosage d\u2019alcool.\",\"breadcrumb\":{\"@id\":\"https:\/\/trivec.aws-staging.swace.se\/be-fr\/clients\/vieux-saint-antoine\/#breadcrumb\"},\"inLanguage\":\"fr-BE\",\"potentialAction\":[{\"@type\":\"ReadAction\",\"target\":[\"https:\/\/trivec.aws-staging.swace.se\/be-fr\/clients\/vieux-saint-antoine\/\"]}]},{\"@type\":\"ImageObject\",\"inLanguage\":\"fr-BE\",\"@id\":\"https:\/\/trivec.aws-staging.swace.se\/be-fr\/clients\/vieux-saint-antoine\/#primaryimage\",\"url\":\"https:\/\/trivec.aws-staging.swace.se\/wp\/uploads\/2023\/01\/AuVieux_Saint_Antoine_web_customer.jpg\",\"contentUrl\":\"https:\/\/trivec.aws-staging.swace.se\/wp\/uploads\/2023\/01\/AuVieux_Saint_Antoine_web_customer.jpg\",\"width\":1920,\"height\":1920,\"caption\":\"Au Vieux Saint Antoine\"},{\"@type\":\"BreadcrumbList\",\"@id\":\"https:\/\/trivec.aws-staging.swace.se\/be-fr\/clients\/vieux-saint-antoine\/#breadcrumb\",\"itemListElement\":[{\"@type\":\"ListItem\",\"position\":1,\"name\":\"Home\",\"item\":\"https:\/\/trivec.aws-staging.swace.se\/be-fr\/\"},{\"@type\":\"ListItem\",\"position\":2,\"name\":\"Clients\",\"item\":\"https:\/\/www.trivec.aws-staging.swace.se\/be-fr\/clients\/\"},{\"@type\":\"ListItem\",\"position\":3,\"name\":\"Au Vieux Saint Antoine\"}]},{\"@type\":\"WebSite\",\"@id\":\"https:\/\/trivec.aws-staging.swace.se\/be-fr\/#website\",\"url\":\"https:\/\/trivec.aws-staging.swace.se\/be-fr\/\",\"name\":\"Trivec\",\"description\":\"Leader du march\u00e9 en caisses enregistreuses et automatisation de bar\",\"potentialAction\":[{\"@type\":\"SearchAction\",\"target\":{\"@type\":\"EntryPoint\",\"urlTemplate\":\"https:\/\/trivec.aws-staging.swace.se\/be-fr\/?s={search_term_string}\"},\"query-input\":{\"@type\":\"PropertyValueSpecification\",\"valueRequired\":true,\"valueName\":\"search_term_string\"}}],\"inLanguage\":\"fr-BE\"}]}<\/script>\n<!-- \/ Yoast SEO plugin. -->","yoast_head_json":{"title":"Au Vieux Sainte Antoine - Trivec","description":"Actuellement, le bar \u2018Au Vieux Saint-Antoine\u2019 utilise le doseur \u00e9lectronique de bar (syst\u00e8me ABC) pour le dosage d\u2019alcool.","robots":{"index":"noindex","follow":"follow"},"og_locale":"en_US","og_type":"article","og_title":"Au Vieux Sainte Antoine - Trivec","og_description":"Actuellement, le bar \u2018Au Vieux Saint-Antoine\u2019 utilise le doseur \u00e9lectronique de bar (syst\u00e8me ABC) pour le dosage d\u2019alcool.","og_url":"https:\/\/trivec.aws-staging.swace.se\/be-fr\/clients\/vieux-saint-antoine\/","og_site_name":"Trivec","article_modified_time":"2023-02-02T09:11:54+00:00","og_image":[{"width":1920,"height":1920,"url":"https:\/\/www.trivec.aws-staging.swace.se\/wp\/uploads\/2023\/01\/AuVieux_Saint_Antoine_web_customer.jpg","type":"image\/jpeg"}],"twitter_card":"summary_large_image","twitter_misc":{"Est. reading time":"3 minutes"},"schema":{"@context":"https:\/\/schema.org","@graph":[{"@type":"WebPage","@id":"https:\/\/trivec.aws-staging.swace.se\/be-fr\/clients\/vieux-saint-antoine\/","url":"https:\/\/trivec.aws-staging.swace.se\/be-fr\/clients\/vieux-saint-antoine\/","name":"Au Vieux Sainte Antoine - Trivec","isPartOf":{"@id":"https:\/\/trivec.aws-staging.swace.se\/be-fr\/#website"},"primaryImageOfPage":{"@id":"https:\/\/trivec.aws-staging.swace.se\/be-fr\/clients\/vieux-saint-antoine\/#primaryimage"},"image":{"@id":"https:\/\/trivec.aws-staging.swace.se\/be-fr\/clients\/vieux-saint-antoine\/#primaryimage"},"thumbnailUrl":"https:\/\/trivec.aws-staging.swace.se\/wp\/uploads\/2023\/01\/AuVieux_Saint_Antoine_web_customer.jpg","datePublished":"2023-01-10T15:18:22+00:00","dateModified":"2023-02-02T09:11:54+00:00","description":"Actuellement, le bar \u2018Au Vieux Saint-Antoine\u2019 utilise le doseur \u00e9lectronique de bar (syst\u00e8me ABC) pour le dosage d\u2019alcool.","breadcrumb":{"@id":"https:\/\/trivec.aws-staging.swace.se\/be-fr\/clients\/vieux-saint-antoine\/#breadcrumb"},"inLanguage":"fr-BE","potentialAction":[{"@type":"ReadAction","target":["https:\/\/trivec.aws-staging.swace.se\/be-fr\/clients\/vieux-saint-antoine\/"]}]},{"@type":"ImageObject","inLanguage":"fr-BE","@id":"https:\/\/trivec.aws-staging.swace.se\/be-fr\/clients\/vieux-saint-antoine\/#primaryimage","url":"https:\/\/trivec.aws-staging.swace.se\/wp\/uploads\/2023\/01\/AuVieux_Saint_Antoine_web_customer.jpg","contentUrl":"https:\/\/trivec.aws-staging.swace.se\/wp\/uploads\/2023\/01\/AuVieux_Saint_Antoine_web_customer.jpg","width":1920,"height":1920,"caption":"Au Vieux Saint Antoine"},{"@type":"BreadcrumbList","@id":"https:\/\/trivec.aws-staging.swace.se\/be-fr\/clients\/vieux-saint-antoine\/#breadcrumb","itemListElement":[{"@type":"ListItem","position":1,"name":"Home","item":"https:\/\/trivec.aws-staging.swace.se\/be-fr\/"},{"@type":"ListItem","position":2,"name":"Clients","item":"https:\/\/www.trivec.aws-staging.swace.se\/be-fr\/clients\/"},{"@type":"ListItem","position":3,"name":"Au Vieux Saint Antoine"}]},{"@type":"WebSite","@id":"https:\/\/trivec.aws-staging.swace.se\/be-fr\/#website","url":"https:\/\/trivec.aws-staging.swace.se\/be-fr\/","name":"Trivec","description":"Leader du march\u00e9 en caisses enregistreuses et automatisation de bar","potentialAction":[{"@type":"SearchAction","target":{"@type":"EntryPoint","urlTemplate":"https:\/\/trivec.aws-staging.swace.se\/be-fr\/?s={search_term_string}"},"query-input":{"@type":"PropertyValueSpecification","valueRequired":true,"valueName":"search_term_string"}}],"inLanguage":"fr-BE"}]}},"_links":{"self":[{"href":"https:\/\/trivec.aws-staging.swace.se\/be-fr\/wp-json\/wp\/v2\/pages\/29733","targetHints":{"allow":["GET"]}}],"collection":[{"href":"https:\/\/trivec.aws-staging.swace.se\/be-fr\/wp-json\/wp\/v2\/pages"}],"about":[{"href":"https:\/\/trivec.aws-staging.swace.se\/be-fr\/wp-json\/wp\/v2\/types\/page"}],"author":[{"embeddable":true,"href":"https:\/\/trivec.aws-staging.swace.se\/be-fr\/wp-json\/wp\/v2\/users\/21"}],"replies":[{"embeddable":true,"href":"https:\/\/trivec.aws-staging.swace.se\/be-fr\/wp-json\/wp\/v2\/comments?post=29733"}],"version-history":[{"count":10,"href":"https:\/\/trivec.aws-staging.swace.se\/be-fr\/wp-json\/wp\/v2\/pages\/29733\/revisions"}],"predecessor-version":[{"id":33847,"href":"https:\/\/trivec.aws-staging.swace.se\/be-fr\/wp-json\/wp\/v2\/pages\/29733\/revisions\/33847"}],"up":[{"embeddable":true,"href":"https:\/\/trivec.aws-staging.swace.se\/be-fr\/wp-json\/wp\/v2\/pages\/1100"}],"wp:featuredmedia":[{"embeddable":true,"href":"https:\/\/trivec.aws-staging.swace.se\/be-fr\/wp-json\/wp\/v2\/media\/29718"}],"wp:attachment":[{"href":"https:\/\/trivec.aws-staging.swace.se\/be-fr\/wp-json\/wp\/v2\/media?parent=29733"}],"curies":[{"name":"wp","href":"https:\/\/api.w.org\/{rel}","templated":true}]}}