{"id":27257,"date":"2022-06-20T16:39:43","date_gmt":"2022-06-20T14:39:43","guid":{"rendered":"https:\/\/trivec.aws-staging.swace.se\/?page_id=27257"},"modified":"2023-01-20T16:07:06","modified_gmt":"2023-01-20T15:07:06","slug":"politique-relative-aux-cookies","status":"publish","type":"page","link":"https:\/\/trivec.aws-staging.swace.se\/be-fr\/privacy-policy\/politique-relative-aux-cookies\/","title":{"rendered":"Politique relative aux cookies"},"content":{"rendered":"<div class=\"wpb-content-wrapper\"><p>[vc_row][vc_column][vc_story heading_text=\u00a0\u00bbPolitique relative aux cookies\u00a0\u00bb preamble=\u00a0\u00bbLa pr\u00e9sente politique relative aux cookies s\u2019applique aux sites web de T&amp;V Holding AB et de ses filiales (nomm\u00e9es conjointement \u00ab nous \u00bb, \u00ab notre \u00bb ou \u00ab nos \u00bb).\u00a0\u00bb]<\/p>\n<h3>D\u00e9finition et utilisation des cookies<\/h3>\n<p>Un cookie d\u00e9signe un petit fichier texte contenant des informations et qui est t\u00e9l\u00e9charg\u00e9 sur votre appareil lorsque vous consultez un site web. Ce cookie est ensuite renvoy\u00e9 au site web d\u2019origine ou \u00e0 un autre site web qui reconna\u00eet le cookie lors de chaque visite ult\u00e9rieure.<\/p>\n<p>Nous utilisons des cookies et d\u2019autres technologies comparables pour retenir vos pr\u00e9f\u00e9rences, personnaliser votre exp\u00e9rience sur nos sites, identifier les pages consult\u00e9es par les internautes, mesurer l\u2019efficacit\u00e9 de nos campagnes, mieux comprendre les interactions avec les utilisateurs et la base d\u2019utilisateurs dans son ensemble et ainsi am\u00e9liorer nos communications.<\/p>\n<h3>Comment d\u00e9sactiver les cookies ?<\/h3>\n<p>Si vous vous opposez \u00e0 l\u2019utilisation de cookies, vous pouvez les d\u00e9sactiver dans les param\u00e8tres de votre navigateur. Certains navigateurs permettent de d\u00e9finir des r\u00e8gles de gestion des cookies pour chaque site et ainsi de contr\u00f4ler plus efficacement votre vie priv\u00e9e.<\/p>\n<p>Les fabricants de navigateurs pr\u00e9voient des pages d\u2019aide consacr\u00e9es \u00e0 la gestion des cookies dans leurs produits. Voici un aper\u00e7u des liens pertinents vers les principaux navigateurs :<\/p>\n<ul>\n<li><a href=\"https:\/\/support.google.com\/chrome\/answer\/95647?hl=fr\" target=\"_blank\" rel=\"noopener\">Google Chrome<\/a><\/li>\n<li><a href=\"https:\/\/support.mozilla.org\/fr\/kb\/cookies-informations-sites-enregistrent?redirectlocale=en-US&amp;redirectslug=Cookies\" target=\"_blank\" rel=\"noopener\">Mozilla Firefox<\/a><\/li>\n<li><a href=\"https:\/\/support.apple.com\/fr-fr\/HT201265\" target=\"_blank\" rel=\"noopener\">Safari<\/a><\/li>\n<\/ul>\n<p>Remarque : si vous d\u00e9sactivez les cookies, il se peut que nos sites web ne fonctionnent pas, ou pas correctement, ou que votre acc\u00e8s \u00e0 nos sites web et \u00e0 leurs fonctionnalit\u00e9s soit affect\u00e9 ou restreint.<\/p>\n<p>&nbsp;<\/p>\n<h3>Liste des cookies<\/h3>\n<p>Nous utilisons les cookies suivants sur tous nos sites web :<\/p>\n<h3>Cookies strictement n\u00e9cessaires<\/h3>\n<p>Les cookies n\u00e9cessaires sont indispensables au bon fonctionnement de notre site web. Ils servent par exemple \u00e0 naviguer entre les pages ou \u00e0 bloquer l\u2019acc\u00e8s aux espaces s\u00e9curis\u00e9s de notre site web. Nous n\u2019utilisons jamais les informations que nous collectons \u00e0 l\u2019aide de cookies \u00e0 d\u2019autres fins et nous ne les transmettons pas \u00e0 des tiers.<\/p>\n<h4>Categories et cookies<\/h4>\n<p>Hubspot: __hssc, __hssrc, __hstc<\/p>\n<p>Cloud Foundry: __cf_bm<\/p>\n<h3>Cookies de performance<\/h3>\n<p>Les cookies de performance sont destin\u00e9s \u00e0 collecter des donn\u00e9es sur la fa\u00e7on dont les visiteurs utilisent nos sites web, sur les pages les plus visit\u00e9es ou sur l\u2019apparition d\u2019\u00e9ventuels messages d\u2019erreur, mais aussi \u00e0 recueillir des donn\u00e9es statistiques sur les performances de nos sites web, afin d\u2019apporter des am\u00e9liorations. En d\u2019autres termes, ces cookies surveillent uniquement les performances de nos sites web lors des interactions avec les utilisateurs.<\/p>\n<p>Ces cookies ne collectent pas de renseignements personnels sur les visiteurs. D\u00e8s lors, toutes les donn\u00e9es collect\u00e9es sont anonymes et servent uniquement \u00e0 am\u00e9liorer la fonctionnalit\u00e9 de nos sites web.<\/p>\n<h4>Categories et cookies<\/h4>\n<p>Hubspot: __hstc<\/p>\n<p>Google Analytics: _ga, _gat, _UA-nnnnnnn-nn,\u00a0 _gid<\/p>\n<p>Dreamdata: ajs_anonymous_id, ajs_group_id, ajs_user_id<\/p>\n<h3>Cookies fonctionnels<\/h3>\n<p>Les cookies de pr\u00e9f\u00e9rence permettent \u00e0 un site web de retenir des informations modifiant son comportement ou son apparence, comme le choix de la langue ou de la r\u00e9gion.<\/p>\n<h4>Categories et cookies<\/h4>\n<p>Hubspot: hubspotutk<\/p>\n<h3>Cookies de ciblage<\/h3>\n<p>Les cookies de ciblage servent \u00e0 suivre votre comportement de navigation apr\u00e8s votre visite sur nos sites web. Les annonceurs utilisent les informations qu\u2019ils recueillent \u00e0 votre sujet pour vous montrer des publicit\u00e9s personnalis\u00e9es. Les cookies de ciblage que nous pla\u00e7ons servent uniquement \u00e0 mesurer l\u2019efficacit\u00e9 des cha\u00eenes de r\u00e9seaux sociaux.<\/p>\n<h4>Categories et cookies<\/h4>\n<p>Facebook: _fbp<\/p>\n<p>Microsoft Clarity: ANONCHK, MUID, CLID, SM<\/p>\n<p>Bing: SRM_B<\/p>\n<p><a href=\"https:\/\/www.fr.trivec.be\/privacy-policy\/\">Lire l&rsquo;int\u00e9gralit\u00e9 de la politique de confidentialit\u00e9<\/a>[\/vc_story][\/vc_column][\/vc_row]<\/p>\n<\/div>","protected":false},"excerpt":{"rendered":"<p>[vc_row][vc_column][vc_story heading_text=\u00a0\u00bbPolitique relative aux cookies\u00a0\u00bb preamble=\u00a0\u00bbLa pr\u00e9sente politique relative aux cookies s\u2019applique aux sites web de T&amp;V Holding AB et de ses filiales (nomm\u00e9es conjointement \u00ab nous \u00bb, \u00ab notre \u00bb ou \u00ab nos \u00bb).\u00a0\u00bb] D\u00e9finition et utilisation des cookies Un cookie d\u00e9signe un petit fichier texte contenant des informations et qui est t\u00e9l\u00e9charg\u00e9 sur [&hellip;]<\/p>\n","protected":false},"author":2,"featured_media":0,"parent":1132,"menu_order":0,"comment_status":"closed","ping_status":"closed","template":"","meta":{"_acf_changed":false,"content-type":"","footnotes":""},"class_list":["post-27257","page","type-page","status-publish","hentry"],"acf":[],"yoast_head":"<!-- This site is optimized with the Yoast SEO plugin v27.2 - https:\/\/yoast.com\/product\/yoast-seo-wordpress\/ -->\n<title>Politique relative aux cookies - Trivec<\/title>\n<meta name=\"robots\" content=\"noindex, follow\" \/>\n<meta property=\"og:locale\" content=\"en_US\" \/>\n<meta property=\"og:type\" content=\"article\" \/>\n<meta property=\"og:title\" content=\"Politique relative aux cookies - Trivec\" \/>\n<meta property=\"og:description\" content=\"[vc_row][vc_column][vc_story heading_text=\u00a0\u00bbPolitique relative aux cookies\u00a0\u00bb preamble=\u00a0\u00bbLa pr\u00e9sente politique relative aux cookies s\u2019applique aux sites web de T&amp;V Holding AB et de ses filiales (nomm\u00e9es conjointement \u00ab nous \u00bb, \u00ab notre \u00bb ou \u00ab nos \u00bb).\u00a0\u00bb] D\u00e9finition et utilisation des cookies Un cookie d\u00e9signe un petit fichier texte contenant des informations et qui est t\u00e9l\u00e9charg\u00e9 sur [&hellip;]\" \/>\n<meta property=\"og:url\" content=\"https:\/\/trivec.aws-staging.swace.se\/be-fr\/privacy-policy\/politique-relative-aux-cookies\/\" \/>\n<meta property=\"og:site_name\" content=\"Trivec\" \/>\n<meta property=\"article:modified_time\" content=\"2023-01-20T15:07:06+00:00\" \/>\n<meta name=\"twitter:card\" content=\"summary_large_image\" \/>\n<meta name=\"twitter:label1\" content=\"Est. reading time\" \/>\n\t<meta name=\"twitter:data1\" content=\"3 minutes\" \/>\n<script type=\"application\/ld+json\" class=\"yoast-schema-graph\">{\"@context\":\"https:\/\/schema.org\",\"@graph\":[{\"@type\":\"WebPage\",\"@id\":\"https:\/\/trivec.aws-staging.swace.se\/be-fr\/privacy-policy\/politique-relative-aux-cookies\/\",\"url\":\"https:\/\/trivec.aws-staging.swace.se\/be-fr\/privacy-policy\/politique-relative-aux-cookies\/\",\"name\":\"Politique relative aux cookies - Trivec\",\"isPartOf\":{\"@id\":\"https:\/\/trivec.aws-staging.swace.se\/be-fr\/#website\"},\"datePublished\":\"2022-06-20T14:39:43+00:00\",\"dateModified\":\"2023-01-20T15:07:06+00:00\",\"breadcrumb\":{\"@id\":\"https:\/\/trivec.aws-staging.swace.se\/be-fr\/privacy-policy\/politique-relative-aux-cookies\/#breadcrumb\"},\"inLanguage\":\"fr-BE\",\"potentialAction\":[{\"@type\":\"ReadAction\",\"target\":[\"https:\/\/trivec.aws-staging.swace.se\/be-fr\/privacy-policy\/politique-relative-aux-cookies\/\"]}]},{\"@type\":\"BreadcrumbList\",\"@id\":\"https:\/\/trivec.aws-staging.swace.se\/be-fr\/privacy-policy\/politique-relative-aux-cookies\/#breadcrumb\",\"itemListElement\":[{\"@type\":\"ListItem\",\"position\":1,\"name\":\"Home\",\"item\":\"https:\/\/trivec.aws-staging.swace.se\/be-fr\/\"},{\"@type\":\"ListItem\",\"position\":2,\"name\":\"Privacy Policy\",\"item\":\"https:\/\/trivec.aws-staging.swace.se\/be-fr\/privacy-policy\/\"},{\"@type\":\"ListItem\",\"position\":3,\"name\":\"Politique relative aux cookies\"}]},{\"@type\":\"WebSite\",\"@id\":\"https:\/\/trivec.aws-staging.swace.se\/be-fr\/#website\",\"url\":\"https:\/\/trivec.aws-staging.swace.se\/be-fr\/\",\"name\":\"Trivec\",\"description\":\"Leader du march\u00e9 en caisses enregistreuses et automatisation de bar\",\"potentialAction\":[{\"@type\":\"SearchAction\",\"target\":{\"@type\":\"EntryPoint\",\"urlTemplate\":\"https:\/\/trivec.aws-staging.swace.se\/be-fr\/?s={search_term_string}\"},\"query-input\":{\"@type\":\"PropertyValueSpecification\",\"valueRequired\":true,\"valueName\":\"search_term_string\"}}],\"inLanguage\":\"fr-BE\"}]}<\/script>\n<!-- \/ Yoast SEO plugin. -->","yoast_head_json":{"title":"Politique relative aux cookies - Trivec","robots":{"index":"noindex","follow":"follow"},"og_locale":"en_US","og_type":"article","og_title":"Politique relative aux cookies - Trivec","og_description":"[vc_row][vc_column][vc_story heading_text=\u00a0\u00bbPolitique relative aux cookies\u00a0\u00bb preamble=\u00a0\u00bbLa pr\u00e9sente politique relative aux cookies s\u2019applique aux sites web de T&amp;V Holding AB et de ses filiales (nomm\u00e9es conjointement \u00ab nous \u00bb, \u00ab notre \u00bb ou \u00ab nos \u00bb).\u00a0\u00bb] D\u00e9finition et utilisation des cookies Un cookie d\u00e9signe un petit fichier texte contenant des informations et qui est t\u00e9l\u00e9charg\u00e9 sur [&hellip;]","og_url":"https:\/\/trivec.aws-staging.swace.se\/be-fr\/privacy-policy\/politique-relative-aux-cookies\/","og_site_name":"Trivec","article_modified_time":"2023-01-20T15:07:06+00:00","twitter_card":"summary_large_image","twitter_misc":{"Est. reading time":"3 minutes"},"schema":{"@context":"https:\/\/schema.org","@graph":[{"@type":"WebPage","@id":"https:\/\/trivec.aws-staging.swace.se\/be-fr\/privacy-policy\/politique-relative-aux-cookies\/","url":"https:\/\/trivec.aws-staging.swace.se\/be-fr\/privacy-policy\/politique-relative-aux-cookies\/","name":"Politique relative aux cookies - Trivec","isPartOf":{"@id":"https:\/\/trivec.aws-staging.swace.se\/be-fr\/#website"},"datePublished":"2022-06-20T14:39:43+00:00","dateModified":"2023-01-20T15:07:06+00:00","breadcrumb":{"@id":"https:\/\/trivec.aws-staging.swace.se\/be-fr\/privacy-policy\/politique-relative-aux-cookies\/#breadcrumb"},"inLanguage":"fr-BE","potentialAction":[{"@type":"ReadAction","target":["https:\/\/trivec.aws-staging.swace.se\/be-fr\/privacy-policy\/politique-relative-aux-cookies\/"]}]},{"@type":"BreadcrumbList","@id":"https:\/\/trivec.aws-staging.swace.se\/be-fr\/privacy-policy\/politique-relative-aux-cookies\/#breadcrumb","itemListElement":[{"@type":"ListItem","position":1,"name":"Home","item":"https:\/\/trivec.aws-staging.swace.se\/be-fr\/"},{"@type":"ListItem","position":2,"name":"Privacy Policy","item":"https:\/\/trivec.aws-staging.swace.se\/be-fr\/privacy-policy\/"},{"@type":"ListItem","position":3,"name":"Politique relative aux cookies"}]},{"@type":"WebSite","@id":"https:\/\/trivec.aws-staging.swace.se\/be-fr\/#website","url":"https:\/\/trivec.aws-staging.swace.se\/be-fr\/","name":"Trivec","description":"Leader du march\u00e9 en caisses enregistreuses et automatisation de bar","potentialAction":[{"@type":"SearchAction","target":{"@type":"EntryPoint","urlTemplate":"https:\/\/trivec.aws-staging.swace.se\/be-fr\/?s={search_term_string}"},"query-input":{"@type":"PropertyValueSpecification","valueRequired":true,"valueName":"search_term_string"}}],"inLanguage":"fr-BE"}]}},"_links":{"self":[{"href":"https:\/\/trivec.aws-staging.swace.se\/be-fr\/wp-json\/wp\/v2\/pages\/27257","targetHints":{"allow":["GET"]}}],"collection":[{"href":"https:\/\/trivec.aws-staging.swace.se\/be-fr\/wp-json\/wp\/v2\/pages"}],"about":[{"href":"https:\/\/trivec.aws-staging.swace.se\/be-fr\/wp-json\/wp\/v2\/types\/page"}],"author":[{"embeddable":true,"href":"https:\/\/trivec.aws-staging.swace.se\/be-fr\/wp-json\/wp\/v2\/users\/2"}],"replies":[{"embeddable":true,"href":"https:\/\/trivec.aws-staging.swace.se\/be-fr\/wp-json\/wp\/v2\/comments?post=27257"}],"version-history":[{"count":3,"href":"https:\/\/trivec.aws-staging.swace.se\/be-fr\/wp-json\/wp\/v2\/pages\/27257\/revisions"}],"predecessor-version":[{"id":30049,"href":"https:\/\/trivec.aws-staging.swace.se\/be-fr\/wp-json\/wp\/v2\/pages\/27257\/revisions\/30049"}],"up":[{"embeddable":true,"href":"https:\/\/trivec.aws-staging.swace.se\/be-fr\/wp-json\/wp\/v2\/pages\/1132"}],"wp:attachment":[{"href":"https:\/\/trivec.aws-staging.swace.se\/be-fr\/wp-json\/wp\/v2\/media?parent=27257"}],"curies":[{"name":"wp","href":"https:\/\/api.w.org\/{rel}","templated":true}]}}