{"id":2146,"date":"2019-01-18T14:34:40","date_gmt":"2019-01-18T13:34:40","guid":{"rendered":"https:\/\/www.trivec.se\/clients\/frituur-daan\/"},"modified":"2021-08-05T09:33:23","modified_gmt":"2021-08-05T07:33:23","slug":"frituur-daan","status":"publish","type":"page","link":"https:\/\/trivec.aws-staging.swace.se\/be-fr\/clients\/frituur-daan\/","title":{"rendered":"Frituur Daan"},"content":{"rendered":"<div class=\"wpb-content-wrapper\"><p>[vc_row][vc_column][vc_story heading_text=\u00a0\u00bbFrituur Daan\u00a0\u00bb preamble=\u00a0\u00bbDans la r\u00e9gion de Tisselt, Frituur Daan est depuis 11 ans une valeur s\u00fbre. Au fil du temps, cette baraque \u00e0 frites typique a \u00e9volu\u00e9 en un \u00e9tablissement avec pignon sur rue, install\u00e9 dans son propre b\u00e2timent commercial.\u00a0\u00bb]Desservant une centaine de clients par jour, Daan Van de Voorde, le g\u00e9rant de la friture, avait forc\u00e9ment besoin d\u2019un syst\u00e8me de caisse pratique. \u00ab\u2009Avant, nous nous contentions d\u2019une caisse fort rudimentaire. Elle ne convenait vraiment pas \u00e0 un usage quotidien. Lorsque nous avons d\u00e9m\u00e9nag\u00e9 vers un b\u00e2timent en dur, nous avons cherch\u00e9 une meilleure alternative.\u2009\u00bb<\/p>\n<blockquote><p>Lors d&rsquo;un salon Horeca, nous f\u00fbmes imm\u00e9diatement s\u00e9duits par un type de caisse Trivec. Son grand \u00e9cran convivial permet de travailler plus efficacement, en gagnant du temps.<\/p><\/blockquote>\n<p>\u00ab\u2009Une modification au menu\u2009? Un produit \u00e0 ajouter ou \u00e0 retirer\u2009? Les adaptations sont faciles gr\u00e2ce au clavier pratique. Et les tickets sont plus clairs et plus pr\u00e9cis, tant pour nos clients que pour nous-m\u00eames.\u2009\u00bb<\/p>\n<p>Frituur Daan est \u00e0 la pointe du num\u00e9rique, car les clients peuvent commander leurs frites en ligne.<\/p>\n<blockquote><p>Via One2Three, ils nous font part de leur commande \u2013 o\u00f9 qu\u2019ils se trouvent \u2013, et celle-ci s&rsquo;affiche directement sur notre caisse. La connexion entre les deux syst\u00e8mes fut ais\u00e9e \u00e0 mettre en place. Nous ne devons rien r\u00e9encoder : tout est automatique.<\/p><\/blockquote>\n<p>Lorsque l\u2019Horeca s\u2019est vu imposer le Syst\u00e8me de Caisse Enregistreuse (SCE) \u2013 la caisse blanche \u2013, la transition a eu lieu comme sur des roulettes chez Frituur Daan.<\/p>\n<blockquote><p>Notre type de caisse \u00e9tait alors parmi les seules permettant de faire le lien instantan\u00e9ment avec la black box (le module de contr\u00f4le).\u2009\u00bb Un important gain de temps et d\u2019argent, donc!<\/p><\/blockquote>\n<p>Vous d\u00e9marrez un nouvel \u00e9tablissement Horeca ou pensez qu&rsquo;il est temps de changer votre syst\u00e8me de caisse\u2009enregistreuse ? Daan vous recommande de veiller \u00e0 sa facilit\u00e9 d\u2019utilisation.<\/p>\n<p>\u00ab\u2009Selon moi, plus l\u2019\u00e9cran est grand, plus vous avez une vue d\u2019ensemble. Simplifiez au maximum le menu et \u00e9vitez les sous-menus. Comme moi, vous d\u00e9sirez certainement acc\u00e9l\u00e9rer chaque transaction, jour apr\u00e8s jour, en \u00e9vitant de devoir parcourir le menu d\u00e9roulant pour y trouver le produit d\u00e9sir\u00e9.\u2009\u00bb[\/vc_story][\/vc_column][\/vc_row]<\/p>\n<\/div>","protected":false},"excerpt":{"rendered":"<p>[vc_row][vc_column][vc_story heading_text=\u00a0\u00bbFrituur Daan\u00a0\u00bb preamble=\u00a0\u00bbDans la r\u00e9gion de Tisselt, Frituur Daan est depuis 11 ans une valeur s\u00fbre. Au fil du temps, cette baraque \u00e0 frites typique a \u00e9volu\u00e9 en un \u00e9tablissement avec pignon sur rue, install\u00e9 dans son propre b\u00e2timent commercial.\u00a0\u00bb]Desservant une centaine de clients par jour, Daan Van de Voorde, le g\u00e9rant de la [&hellip;]<\/p>\n","protected":false},"author":2,"featured_media":3533,"parent":1100,"menu_order":0,"comment_status":"closed","ping_status":"closed","template":"","meta":{"_acf_changed":false,"content-type":"","footnotes":""},"class_list":["post-2146","page","type-page","status-publish","has-post-thumbnail","hentry"],"acf":[],"yoast_head":"<!-- This site is optimized with the Yoast SEO plugin v27.2 - https:\/\/yoast.com\/product\/yoast-seo-wordpress\/ -->\n<title>Frituur Daan - Trivec<\/title>\n<meta name=\"robots\" content=\"noindex, follow\" \/>\n<meta property=\"og:locale\" content=\"en_US\" \/>\n<meta property=\"og:type\" content=\"article\" \/>\n<meta property=\"og:title\" content=\"Frituur Daan - Trivec\" \/>\n<meta property=\"og:description\" content=\"[vc_row][vc_column][vc_story heading_text=\u00a0\u00bbFrituur Daan\u00a0\u00bb preamble=\u00a0\u00bbDans la r\u00e9gion de Tisselt, Frituur Daan est depuis 11 ans une valeur s\u00fbre. Au fil du temps, cette baraque \u00e0 frites typique a \u00e9volu\u00e9 en un \u00e9tablissement avec pignon sur rue, install\u00e9 dans son propre b\u00e2timent commercial.\u00a0\u00bb]Desservant une centaine de clients par jour, Daan Van de Voorde, le g\u00e9rant de la [&hellip;]\" \/>\n<meta property=\"og:url\" content=\"https:\/\/trivec.aws-staging.swace.se\/be-fr\/clients\/frituur-daan\/\" \/>\n<meta property=\"og:site_name\" content=\"Trivec\" \/>\n<meta property=\"article:modified_time\" content=\"2021-08-05T07:33:23+00:00\" \/>\n<meta property=\"og:image\" content=\"https:\/\/www.trivec.aws-staging.swace.se\/wp\/uploads\/2019\/02\/FrituurDaan2-1024x683.jpg\" \/>\n\t<meta property=\"og:image:width\" content=\"1024\" \/>\n\t<meta property=\"og:image:height\" content=\"683\" \/>\n\t<meta property=\"og:image:type\" content=\"image\/jpeg\" \/>\n<meta name=\"twitter:card\" content=\"summary_large_image\" \/>\n<meta name=\"twitter:label1\" content=\"Est. reading time\" \/>\n\t<meta name=\"twitter:data1\" content=\"2 minutes\" \/>\n<script type=\"application\/ld+json\" class=\"yoast-schema-graph\">{\"@context\":\"https:\/\/schema.org\",\"@graph\":[{\"@type\":\"WebPage\",\"@id\":\"https:\/\/trivec.aws-staging.swace.se\/be-fr\/clients\/frituur-daan\/\",\"url\":\"https:\/\/trivec.aws-staging.swace.se\/be-fr\/clients\/frituur-daan\/\",\"name\":\"Frituur Daan - Trivec\",\"isPartOf\":{\"@id\":\"https:\/\/trivec.aws-staging.swace.se\/be-fr\/#website\"},\"primaryImageOfPage\":{\"@id\":\"https:\/\/trivec.aws-staging.swace.se\/be-fr\/clients\/frituur-daan\/#primaryimage\"},\"image\":{\"@id\":\"https:\/\/trivec.aws-staging.swace.se\/be-fr\/clients\/frituur-daan\/#primaryimage\"},\"thumbnailUrl\":\"https:\/\/trivec.aws-staging.swace.se\/wp\/uploads\/2019\/02\/FrituurDaan2.jpg\",\"datePublished\":\"2019-01-18T13:34:40+00:00\",\"dateModified\":\"2021-08-05T07:33:23+00:00\",\"breadcrumb\":{\"@id\":\"https:\/\/trivec.aws-staging.swace.se\/be-fr\/clients\/frituur-daan\/#breadcrumb\"},\"inLanguage\":\"fr-BE\",\"potentialAction\":[{\"@type\":\"ReadAction\",\"target\":[\"https:\/\/trivec.aws-staging.swace.se\/be-fr\/clients\/frituur-daan\/\"]}]},{\"@type\":\"ImageObject\",\"inLanguage\":\"fr-BE\",\"@id\":\"https:\/\/trivec.aws-staging.swace.se\/be-fr\/clients\/frituur-daan\/#primaryimage\",\"url\":\"https:\/\/trivec.aws-staging.swace.se\/wp\/uploads\/2019\/02\/FrituurDaan2.jpg\",\"contentUrl\":\"https:\/\/trivec.aws-staging.swace.se\/wp\/uploads\/2019\/02\/FrituurDaan2.jpg\",\"width\":2100,\"height\":1400,\"caption\":\"Frituur Daan\"},{\"@type\":\"BreadcrumbList\",\"@id\":\"https:\/\/trivec.aws-staging.swace.se\/be-fr\/clients\/frituur-daan\/#breadcrumb\",\"itemListElement\":[{\"@type\":\"ListItem\",\"position\":1,\"name\":\"Home\",\"item\":\"https:\/\/trivec.aws-staging.swace.se\/be-fr\/\"},{\"@type\":\"ListItem\",\"position\":2,\"name\":\"Clients\",\"item\":\"https:\/\/www.trivec.aws-staging.swace.se\/be-fr\/clients\/\"},{\"@type\":\"ListItem\",\"position\":3,\"name\":\"Frituur Daan\"}]},{\"@type\":\"WebSite\",\"@id\":\"https:\/\/trivec.aws-staging.swace.se\/be-fr\/#website\",\"url\":\"https:\/\/trivec.aws-staging.swace.se\/be-fr\/\",\"name\":\"Trivec\",\"description\":\"Leader du march\u00e9 en caisses enregistreuses et automatisation de bar\",\"potentialAction\":[{\"@type\":\"SearchAction\",\"target\":{\"@type\":\"EntryPoint\",\"urlTemplate\":\"https:\/\/trivec.aws-staging.swace.se\/be-fr\/?s={search_term_string}\"},\"query-input\":{\"@type\":\"PropertyValueSpecification\",\"valueRequired\":true,\"valueName\":\"search_term_string\"}}],\"inLanguage\":\"fr-BE\"}]}<\/script>\n<!-- \/ Yoast SEO plugin. -->","yoast_head_json":{"title":"Frituur Daan - Trivec","robots":{"index":"noindex","follow":"follow"},"og_locale":"en_US","og_type":"article","og_title":"Frituur Daan - Trivec","og_description":"[vc_row][vc_column][vc_story heading_text=\u00a0\u00bbFrituur Daan\u00a0\u00bb preamble=\u00a0\u00bbDans la r\u00e9gion de Tisselt, Frituur Daan est depuis 11 ans une valeur s\u00fbre. Au fil du temps, cette baraque \u00e0 frites typique a \u00e9volu\u00e9 en un \u00e9tablissement avec pignon sur rue, install\u00e9 dans son propre b\u00e2timent commercial.\u00a0\u00bb]Desservant une centaine de clients par jour, Daan Van de Voorde, le g\u00e9rant de la [&hellip;]","og_url":"https:\/\/trivec.aws-staging.swace.se\/be-fr\/clients\/frituur-daan\/","og_site_name":"Trivec","article_modified_time":"2021-08-05T07:33:23+00:00","og_image":[{"width":1024,"height":683,"url":"https:\/\/www.trivec.aws-staging.swace.se\/wp\/uploads\/2019\/02\/FrituurDaan2-1024x683.jpg","type":"image\/jpeg"}],"twitter_card":"summary_large_image","twitter_misc":{"Est. reading time":"2 minutes"},"schema":{"@context":"https:\/\/schema.org","@graph":[{"@type":"WebPage","@id":"https:\/\/trivec.aws-staging.swace.se\/be-fr\/clients\/frituur-daan\/","url":"https:\/\/trivec.aws-staging.swace.se\/be-fr\/clients\/frituur-daan\/","name":"Frituur Daan - Trivec","isPartOf":{"@id":"https:\/\/trivec.aws-staging.swace.se\/be-fr\/#website"},"primaryImageOfPage":{"@id":"https:\/\/trivec.aws-staging.swace.se\/be-fr\/clients\/frituur-daan\/#primaryimage"},"image":{"@id":"https:\/\/trivec.aws-staging.swace.se\/be-fr\/clients\/frituur-daan\/#primaryimage"},"thumbnailUrl":"https:\/\/trivec.aws-staging.swace.se\/wp\/uploads\/2019\/02\/FrituurDaan2.jpg","datePublished":"2019-01-18T13:34:40+00:00","dateModified":"2021-08-05T07:33:23+00:00","breadcrumb":{"@id":"https:\/\/trivec.aws-staging.swace.se\/be-fr\/clients\/frituur-daan\/#breadcrumb"},"inLanguage":"fr-BE","potentialAction":[{"@type":"ReadAction","target":["https:\/\/trivec.aws-staging.swace.se\/be-fr\/clients\/frituur-daan\/"]}]},{"@type":"ImageObject","inLanguage":"fr-BE","@id":"https:\/\/trivec.aws-staging.swace.se\/be-fr\/clients\/frituur-daan\/#primaryimage","url":"https:\/\/trivec.aws-staging.swace.se\/wp\/uploads\/2019\/02\/FrituurDaan2.jpg","contentUrl":"https:\/\/trivec.aws-staging.swace.se\/wp\/uploads\/2019\/02\/FrituurDaan2.jpg","width":2100,"height":1400,"caption":"Frituur Daan"},{"@type":"BreadcrumbList","@id":"https:\/\/trivec.aws-staging.swace.se\/be-fr\/clients\/frituur-daan\/#breadcrumb","itemListElement":[{"@type":"ListItem","position":1,"name":"Home","item":"https:\/\/trivec.aws-staging.swace.se\/be-fr\/"},{"@type":"ListItem","position":2,"name":"Clients","item":"https:\/\/www.trivec.aws-staging.swace.se\/be-fr\/clients\/"},{"@type":"ListItem","position":3,"name":"Frituur Daan"}]},{"@type":"WebSite","@id":"https:\/\/trivec.aws-staging.swace.se\/be-fr\/#website","url":"https:\/\/trivec.aws-staging.swace.se\/be-fr\/","name":"Trivec","description":"Leader du march\u00e9 en caisses enregistreuses et automatisation de bar","potentialAction":[{"@type":"SearchAction","target":{"@type":"EntryPoint","urlTemplate":"https:\/\/trivec.aws-staging.swace.se\/be-fr\/?s={search_term_string}"},"query-input":{"@type":"PropertyValueSpecification","valueRequired":true,"valueName":"search_term_string"}}],"inLanguage":"fr-BE"}]}},"_links":{"self":[{"href":"https:\/\/trivec.aws-staging.swace.se\/be-fr\/wp-json\/wp\/v2\/pages\/2146","targetHints":{"allow":["GET"]}}],"collection":[{"href":"https:\/\/trivec.aws-staging.swace.se\/be-fr\/wp-json\/wp\/v2\/pages"}],"about":[{"href":"https:\/\/trivec.aws-staging.swace.se\/be-fr\/wp-json\/wp\/v2\/types\/page"}],"author":[{"embeddable":true,"href":"https:\/\/trivec.aws-staging.swace.se\/be-fr\/wp-json\/wp\/v2\/users\/2"}],"replies":[{"embeddable":true,"href":"https:\/\/trivec.aws-staging.swace.se\/be-fr\/wp-json\/wp\/v2\/comments?post=2146"}],"version-history":[{"count":5,"href":"https:\/\/trivec.aws-staging.swace.se\/be-fr\/wp-json\/wp\/v2\/pages\/2146\/revisions"}],"predecessor-version":[{"id":19112,"href":"https:\/\/trivec.aws-staging.swace.se\/be-fr\/wp-json\/wp\/v2\/pages\/2146\/revisions\/19112"}],"up":[{"embeddable":true,"href":"https:\/\/trivec.aws-staging.swace.se\/be-fr\/wp-json\/wp\/v2\/pages\/1100"}],"wp:featuredmedia":[{"embeddable":true,"href":"https:\/\/trivec.aws-staging.swace.se\/be-fr\/wp-json\/wp\/v2\/media\/3533"}],"wp:attachment":[{"href":"https:\/\/trivec.aws-staging.swace.se\/be-fr\/wp-json\/wp\/v2\/media?parent=2146"}],"curies":[{"name":"wp","href":"https:\/\/api.w.org\/{rel}","templated":true}]}}