{"id":2140,"date":"2019-01-17T16:48:16","date_gmt":"2019-01-17T15:48:16","guid":{"rendered":"https:\/\/www.trivec.se\/clients\/versuz\/"},"modified":"2021-08-05T09:32:39","modified_gmt":"2021-08-05T07:32:39","slug":"versuz","status":"publish","type":"page","link":"https:\/\/trivec.aws-staging.swace.se\/be-fr\/clients\/versuz\/","title":{"rendered":"Versuz"},"content":{"rendered":"<div class=\"wpb-content-wrapper\"><p>[vc_row][vc_column][vc_story heading_text=\u00a0\u00bbVersuz\u00a0\u00bb preamble=\u00a0\u00bbVersuz est un nom bien connu, \u00e0 Hasselt comme au-del\u00e0. La c\u00e9l\u00e8bre bo\u00eete de nuit regroupe plusieurs \u00e9tablissements de type horeca depuis plusieurs ann\u00e9es d\u00e9j\u00e0. Outre le dancing et le restaurant Crudo, l&rsquo;enseigne poss\u00e8de entre autres la bar d&rsquo;\u00e9t\u00e9 Ipanema et les bars d&rsquo;hiver Moose, dans divers emplacements en Flandre. Elle organise par ailleurs r\u00e9guli\u00e8rement des \u00e9v\u00e9nements b2b.\u00a0\u00bb]<img loading=\"lazy\" decoding=\"async\" class=\"alignnone size-full wp-image-1512\" src=\"https:\/\/www.trivec.se\/app\/uploads\/2019\/01\/studiovision_trivec_190110_versuz_LR_06_SV5_8562.jpg\" alt=\"Trivec customer Versuz\" width=\"1600\" height=\"1067\" srcset=\"https:\/\/trivec.aws-staging.swace.se\/wp\/uploads\/2019\/01\/studiovision_trivec_190110_versuz_LR_06_SV5_8562.jpg 1600w, https:\/\/trivec.aws-staging.swace.se\/wp\/uploads\/2019\/01\/studiovision_trivec_190110_versuz_LR_06_SV5_8562-300x200.jpg 300w, https:\/\/trivec.aws-staging.swace.se\/wp\/uploads\/2019\/01\/studiovision_trivec_190110_versuz_LR_06_SV5_8562-768x512.jpg 768w, https:\/\/trivec.aws-staging.swace.se\/wp\/uploads\/2019\/01\/studiovision_trivec_190110_versuz_LR_06_SV5_8562-1024x683.jpg 1024w\" sizes=\"auto, (max-width: 1600px) 100vw, 1600px\" \/><\/p>\n<p>Versuz est une entreprise florissante qui vend quotidiennement de nombreuses consommations. Pour faciliter ses op\u00e9rations de paiement, elle a int\u00e9gr\u00e9 d\u00e8s le d\u00e9but le syst\u00e8me de caisse Trivec.<\/p>\n<h3>Performant<\/h3>\n<p>Thijs Berben, cog\u00e9rant et manager de Versuz, relate :<\/p>\n<blockquote><p>Il y a plusieurs ann\u00e9es, nous cherchions un syst\u00e8me de caisse performant. Nous f\u00fbmes tr\u00e8s vite s\u00e9duits par l&rsquo;offre de Trivec. En tant que leader en syst\u00e8mes de caisse pour l&rsquo;horeca, Trivec proposait incontestablement l&rsquo;offre la plus appropri\u00e9e \u00e0 notre activit\u00e9. Vu la taille de l\u2019entreprise, ce syst\u00e8me de caisse nous est aujourd&rsquo;hui indispensable.<\/p><\/blockquote>\n<p>Les samedis soir, Versuz atteint rapidement les 10 000 transactions. Le syst\u00e8me de caisse automatis\u00e9 de Trivec \u00e9vite tout risque d&rsquo;erreur.<\/p>\n<p>\u00ab Le syst\u00e8me d&rsquo;encaissement et l\u2019association du bar automatis\u00e9 est tr\u00e8s int\u00e9ressant. Le verseur magn\u00e9tique fix\u00e9 sur le goulot de la bouteille facilite l&rsquo;enregistrement et le dosage de chaque bouteille. Cela permet de contr\u00f4ler le nombre exact de boissons servies chaque jour. En principe, le personnel ne sert jamais plus de verres qu&rsquo;il n&rsquo;en a encaiss\u00e9s. Le syst\u00e8me d&rsquo;encaissement est donc verrouill\u00e9. \u00bb<\/p>\n<h3>Automatiser<\/h3>\n<p>Lorsque Versuz d\u00e9m\u00e9nagea voici quelques ann\u00e9es, il profita de l&rsquo;occasion pour moderniser son syst\u00e8me de caisse par la derni\u00e8re version.<\/p>\n<p>\u00ab Je conseille \u00e0 toutes les entreprises \u00e9voluant dans l&rsquo;horeca \u2013 surtout les bars \u2013 de solliciter Trivec, afin de s\u00e9curiser les encaissements du bar. L&rsquo;investissement peut para\u00eetre substantiel de prime abord, mais il est tr\u00e8s rapidement amorti. Car vous seriez surpris du nombre de consommations non pay\u00e9es et m\u00e2le dos\u00e9es. L&rsquo;automatisation permet d&rsquo;\u00e9viter les pertes s\u00e8ches. \u00bb[\/vc_story][\/vc_column][\/vc_row]<\/p>\n<\/div>","protected":false},"excerpt":{"rendered":"<p>[vc_row][vc_column][vc_story heading_text=\u00a0\u00bbVersuz\u00a0\u00bb preamble=\u00a0\u00bbVersuz est un nom bien connu, \u00e0 Hasselt comme au-del\u00e0. La c\u00e9l\u00e8bre bo\u00eete de nuit regroupe plusieurs \u00e9tablissements de type horeca depuis plusieurs ann\u00e9es d\u00e9j\u00e0. Outre le dancing et le restaurant Crudo, l&rsquo;enseigne poss\u00e8de entre autres la bar d&rsquo;\u00e9t\u00e9 Ipanema et les bars d&rsquo;hiver Moose, dans divers emplacements en Flandre. Elle organise par [&hellip;]<\/p>\n","protected":false},"author":2,"featured_media":1538,"parent":1100,"menu_order":5,"comment_status":"closed","ping_status":"closed","template":"","meta":{"_acf_changed":false,"content-type":"","footnotes":""},"class_list":["post-2140","page","type-page","status-publish","has-post-thumbnail","hentry"],"acf":[],"yoast_head":"<!-- This site is optimized with the Yoast SEO plugin v27.2 - https:\/\/yoast.com\/product\/yoast-seo-wordpress\/ -->\n<title>Versuz - Trivec<\/title>\n<meta name=\"robots\" content=\"noindex, follow\" \/>\n<meta property=\"og:locale\" content=\"en_US\" \/>\n<meta property=\"og:type\" content=\"article\" \/>\n<meta property=\"og:title\" content=\"Versuz - Trivec\" \/>\n<meta property=\"og:description\" content=\"[vc_row][vc_column][vc_story heading_text=\u00a0\u00bbVersuz\u00a0\u00bb preamble=\u00a0\u00bbVersuz est un nom bien connu, \u00e0 Hasselt comme au-del\u00e0. La c\u00e9l\u00e8bre bo\u00eete de nuit regroupe plusieurs \u00e9tablissements de type horeca depuis plusieurs ann\u00e9es d\u00e9j\u00e0. Outre le dancing et le restaurant Crudo, l&rsquo;enseigne poss\u00e8de entre autres la bar d&rsquo;\u00e9t\u00e9 Ipanema et les bars d&rsquo;hiver Moose, dans divers emplacements en Flandre. Elle organise par [&hellip;]\" \/>\n<meta property=\"og:url\" content=\"https:\/\/trivec.aws-staging.swace.se\/be-fr\/clients\/versuz\/\" \/>\n<meta property=\"og:site_name\" content=\"Trivec\" \/>\n<meta property=\"article:modified_time\" content=\"2021-08-05T07:32:39+00:00\" \/>\n<meta property=\"og:image\" content=\"https:\/\/trivec.aws-staging.swace.se\/wp\/uploads\/2019\/01\/studiovision_trivec_190110_versuz_LR_09_SV5_8656.jpg\" \/>\n\t<meta property=\"og:image:width\" content=\"1600\" \/>\n\t<meta property=\"og:image:height\" content=\"1067\" \/>\n\t<meta property=\"og:image:type\" content=\"image\/jpeg\" \/>\n<meta name=\"twitter:card\" content=\"summary_large_image\" \/>\n<meta name=\"twitter:label1\" content=\"Est. reading time\" \/>\n\t<meta name=\"twitter:data1\" content=\"2 minutes\" \/>\n<script type=\"application\/ld+json\" class=\"yoast-schema-graph\">{\"@context\":\"https:\/\/schema.org\",\"@graph\":[{\"@type\":\"WebPage\",\"@id\":\"https:\/\/trivec.aws-staging.swace.se\/be-fr\/clients\/versuz\/\",\"url\":\"https:\/\/trivec.aws-staging.swace.se\/be-fr\/clients\/versuz\/\",\"name\":\"Versuz - Trivec\",\"isPartOf\":{\"@id\":\"https:\/\/trivec.aws-staging.swace.se\/be-fr\/#website\"},\"primaryImageOfPage\":{\"@id\":\"https:\/\/trivec.aws-staging.swace.se\/be-fr\/clients\/versuz\/#primaryimage\"},\"image\":{\"@id\":\"https:\/\/trivec.aws-staging.swace.se\/be-fr\/clients\/versuz\/#primaryimage\"},\"thumbnailUrl\":\"https:\/\/trivec.aws-staging.swace.se\/wp\/uploads\/2019\/01\/studiovision_trivec_190110_versuz_LR_09_SV5_8656.jpg\",\"datePublished\":\"2019-01-17T15:48:16+00:00\",\"dateModified\":\"2021-08-05T07:32:39+00:00\",\"breadcrumb\":{\"@id\":\"https:\/\/trivec.aws-staging.swace.se\/be-fr\/clients\/versuz\/#breadcrumb\"},\"inLanguage\":\"fr-BE\",\"potentialAction\":[{\"@type\":\"ReadAction\",\"target\":[\"https:\/\/trivec.aws-staging.swace.se\/be-fr\/clients\/versuz\/\"]}]},{\"@type\":\"ImageObject\",\"inLanguage\":\"fr-BE\",\"@id\":\"https:\/\/trivec.aws-staging.swace.se\/be-fr\/clients\/versuz\/#primaryimage\",\"url\":\"https:\/\/trivec.aws-staging.swace.se\/wp\/uploads\/2019\/01\/studiovision_trivec_190110_versuz_LR_09_SV5_8656.jpg\",\"contentUrl\":\"https:\/\/trivec.aws-staging.swace.se\/wp\/uploads\/2019\/01\/studiovision_trivec_190110_versuz_LR_09_SV5_8656.jpg\",\"width\":1600,\"height\":1067,\"caption\":\"Client Versuz\"},{\"@type\":\"BreadcrumbList\",\"@id\":\"https:\/\/trivec.aws-staging.swace.se\/be-fr\/clients\/versuz\/#breadcrumb\",\"itemListElement\":[{\"@type\":\"ListItem\",\"position\":1,\"name\":\"Home\",\"item\":\"https:\/\/trivec.aws-staging.swace.se\/be-fr\/\"},{\"@type\":\"ListItem\",\"position\":2,\"name\":\"Clients\",\"item\":\"https:\/\/www.trivec.aws-staging.swace.se\/be-fr\/clients\/\"},{\"@type\":\"ListItem\",\"position\":3,\"name\":\"Versuz\"}]},{\"@type\":\"WebSite\",\"@id\":\"https:\/\/trivec.aws-staging.swace.se\/be-fr\/#website\",\"url\":\"https:\/\/trivec.aws-staging.swace.se\/be-fr\/\",\"name\":\"Trivec\",\"description\":\"Leader du march\u00e9 en caisses enregistreuses et automatisation de bar\",\"potentialAction\":[{\"@type\":\"SearchAction\",\"target\":{\"@type\":\"EntryPoint\",\"urlTemplate\":\"https:\/\/trivec.aws-staging.swace.se\/be-fr\/?s={search_term_string}\"},\"query-input\":{\"@type\":\"PropertyValueSpecification\",\"valueRequired\":true,\"valueName\":\"search_term_string\"}}],\"inLanguage\":\"fr-BE\"}]}<\/script>\n<!-- \/ Yoast SEO plugin. -->","yoast_head_json":{"title":"Versuz - Trivec","robots":{"index":"noindex","follow":"follow"},"og_locale":"en_US","og_type":"article","og_title":"Versuz - Trivec","og_description":"[vc_row][vc_column][vc_story heading_text=\u00a0\u00bbVersuz\u00a0\u00bb preamble=\u00a0\u00bbVersuz est un nom bien connu, \u00e0 Hasselt comme au-del\u00e0. La c\u00e9l\u00e8bre bo\u00eete de nuit regroupe plusieurs \u00e9tablissements de type horeca depuis plusieurs ann\u00e9es d\u00e9j\u00e0. Outre le dancing et le restaurant Crudo, l&rsquo;enseigne poss\u00e8de entre autres la bar d&rsquo;\u00e9t\u00e9 Ipanema et les bars d&rsquo;hiver Moose, dans divers emplacements en Flandre. Elle organise par [&hellip;]","og_url":"https:\/\/trivec.aws-staging.swace.se\/be-fr\/clients\/versuz\/","og_site_name":"Trivec","article_modified_time":"2021-08-05T07:32:39+00:00","og_image":[{"width":1600,"height":1067,"url":"https:\/\/trivec.aws-staging.swace.se\/wp\/uploads\/2019\/01\/studiovision_trivec_190110_versuz_LR_09_SV5_8656.jpg","type":"image\/jpeg"}],"twitter_card":"summary_large_image","twitter_misc":{"Est. reading time":"2 minutes"},"schema":{"@context":"https:\/\/schema.org","@graph":[{"@type":"WebPage","@id":"https:\/\/trivec.aws-staging.swace.se\/be-fr\/clients\/versuz\/","url":"https:\/\/trivec.aws-staging.swace.se\/be-fr\/clients\/versuz\/","name":"Versuz - Trivec","isPartOf":{"@id":"https:\/\/trivec.aws-staging.swace.se\/be-fr\/#website"},"primaryImageOfPage":{"@id":"https:\/\/trivec.aws-staging.swace.se\/be-fr\/clients\/versuz\/#primaryimage"},"image":{"@id":"https:\/\/trivec.aws-staging.swace.se\/be-fr\/clients\/versuz\/#primaryimage"},"thumbnailUrl":"https:\/\/trivec.aws-staging.swace.se\/wp\/uploads\/2019\/01\/studiovision_trivec_190110_versuz_LR_09_SV5_8656.jpg","datePublished":"2019-01-17T15:48:16+00:00","dateModified":"2021-08-05T07:32:39+00:00","breadcrumb":{"@id":"https:\/\/trivec.aws-staging.swace.se\/be-fr\/clients\/versuz\/#breadcrumb"},"inLanguage":"fr-BE","potentialAction":[{"@type":"ReadAction","target":["https:\/\/trivec.aws-staging.swace.se\/be-fr\/clients\/versuz\/"]}]},{"@type":"ImageObject","inLanguage":"fr-BE","@id":"https:\/\/trivec.aws-staging.swace.se\/be-fr\/clients\/versuz\/#primaryimage","url":"https:\/\/trivec.aws-staging.swace.se\/wp\/uploads\/2019\/01\/studiovision_trivec_190110_versuz_LR_09_SV5_8656.jpg","contentUrl":"https:\/\/trivec.aws-staging.swace.se\/wp\/uploads\/2019\/01\/studiovision_trivec_190110_versuz_LR_09_SV5_8656.jpg","width":1600,"height":1067,"caption":"Client Versuz"},{"@type":"BreadcrumbList","@id":"https:\/\/trivec.aws-staging.swace.se\/be-fr\/clients\/versuz\/#breadcrumb","itemListElement":[{"@type":"ListItem","position":1,"name":"Home","item":"https:\/\/trivec.aws-staging.swace.se\/be-fr\/"},{"@type":"ListItem","position":2,"name":"Clients","item":"https:\/\/www.trivec.aws-staging.swace.se\/be-fr\/clients\/"},{"@type":"ListItem","position":3,"name":"Versuz"}]},{"@type":"WebSite","@id":"https:\/\/trivec.aws-staging.swace.se\/be-fr\/#website","url":"https:\/\/trivec.aws-staging.swace.se\/be-fr\/","name":"Trivec","description":"Leader du march\u00e9 en caisses enregistreuses et automatisation de bar","potentialAction":[{"@type":"SearchAction","target":{"@type":"EntryPoint","urlTemplate":"https:\/\/trivec.aws-staging.swace.se\/be-fr\/?s={search_term_string}"},"query-input":{"@type":"PropertyValueSpecification","valueRequired":true,"valueName":"search_term_string"}}],"inLanguage":"fr-BE"}]}},"_links":{"self":[{"href":"https:\/\/trivec.aws-staging.swace.se\/be-fr\/wp-json\/wp\/v2\/pages\/2140","targetHints":{"allow":["GET"]}}],"collection":[{"href":"https:\/\/trivec.aws-staging.swace.se\/be-fr\/wp-json\/wp\/v2\/pages"}],"about":[{"href":"https:\/\/trivec.aws-staging.swace.se\/be-fr\/wp-json\/wp\/v2\/types\/page"}],"author":[{"embeddable":true,"href":"https:\/\/trivec.aws-staging.swace.se\/be-fr\/wp-json\/wp\/v2\/users\/2"}],"replies":[{"embeddable":true,"href":"https:\/\/trivec.aws-staging.swace.se\/be-fr\/wp-json\/wp\/v2\/comments?post=2140"}],"version-history":[{"count":6,"href":"https:\/\/trivec.aws-staging.swace.se\/be-fr\/wp-json\/wp\/v2\/pages\/2140\/revisions"}],"predecessor-version":[{"id":19110,"href":"https:\/\/trivec.aws-staging.swace.se\/be-fr\/wp-json\/wp\/v2\/pages\/2140\/revisions\/19110"}],"up":[{"embeddable":true,"href":"https:\/\/trivec.aws-staging.swace.se\/be-fr\/wp-json\/wp\/v2\/pages\/1100"}],"wp:featuredmedia":[{"embeddable":true,"href":"https:\/\/trivec.aws-staging.swace.se\/be-fr\/wp-json\/wp\/v2\/media\/1538"}],"wp:attachment":[{"href":"https:\/\/trivec.aws-staging.swace.se\/be-fr\/wp-json\/wp\/v2\/media?parent=2140"}],"curies":[{"name":"wp","href":"https:\/\/api.w.org\/{rel}","templated":true}]}}