{"id":14939,"date":"2020-12-18T16:30:23","date_gmt":"2020-12-18T15:30:23","guid":{"rendered":"https:\/\/trivec.aws-staging.swace.se\/?page_id=14939"},"modified":"2023-03-20T11:41:08","modified_gmt":"2023-03-20T10:41:08","slug":"systeme-financier-restaurant","status":"publish","type":"page","link":"https:\/\/trivec.aws-staging.swace.se\/be-fr\/produits\/systeme-financier-restaurant\/","title":{"rendered":"Comptabilit\u00e9 restaurant"},"content":{"rendered":"","protected":false},"excerpt":{"rendered":"","protected":false},"author":2,"featured_media":0,"parent":1142,"menu_order":0,"comment_status":"closed","ping_status":"closed","template":"","meta":{"_acf_changed":false,"content-type":"","footnotes":""},"class_list":["post-14939","page","type-page","status-publish","hentry"],"acf":[],"yoast_head":"<!-- This site is optimized with the Yoast SEO plugin v27.2 - https:\/\/yoast.com\/product\/yoast-seo-wordpress\/ -->\n<title>Comptabilit\u00e9 restaurant - Trivec Belgium<\/title>\n<meta name=\"description\" content=\"Nos syst\u00e8mes de caisse enregistreuse offrent un flux automatis\u00e9 des \u00e9l\u00e9ments de la caisse enregistreuse \u00e0 la comptabilit\u00e9 restaurant.\" \/>\n<meta name=\"robots\" content=\"noindex, follow\" \/>\n<meta property=\"og:locale\" content=\"en_US\" \/>\n<meta property=\"og:type\" content=\"article\" \/>\n<meta property=\"og:title\" content=\"Comptabilit\u00e9 restaurant - Trivec Belgium\" \/>\n<meta property=\"og:description\" content=\"Nos syst\u00e8mes de caisse enregistreuse offrent un flux automatis\u00e9 des \u00e9l\u00e9ments de la caisse enregistreuse \u00e0 la comptabilit\u00e9 restaurant.\" \/>\n<meta property=\"og:url\" content=\"https:\/\/trivec.aws-staging.swace.se\/be-fr\/produits\/systeme-financier-restaurant\/\" \/>\n<meta property=\"og:site_name\" content=\"Trivec\" \/>\n<meta property=\"article:modified_time\" content=\"2023-03-20T10:41:08+00:00\" \/>\n<meta name=\"twitter:card\" content=\"summary_large_image\" \/>\n<script type=\"application\/ld+json\" class=\"yoast-schema-graph\">{\"@context\":\"https:\/\/schema.org\",\"@graph\":[{\"@type\":\"WebPage\",\"@id\":\"https:\/\/trivec.aws-staging.swace.se\/be-fr\/produits\/systeme-financier-restaurant\/\",\"url\":\"https:\/\/trivec.aws-staging.swace.se\/be-fr\/produits\/systeme-financier-restaurant\/\",\"name\":\"Comptabilit\u00e9 restaurant - Trivec Belgium\",\"isPartOf\":{\"@id\":\"https:\/\/trivec.aws-staging.swace.se\/be-fr\/#website\"},\"datePublished\":\"2020-12-18T15:30:23+00:00\",\"dateModified\":\"2023-03-20T10:41:08+00:00\",\"description\":\"Nos syst\u00e8mes de caisse enregistreuse offrent un flux automatis\u00e9 des \u00e9l\u00e9ments de la caisse enregistreuse \u00e0 la comptabilit\u00e9 restaurant.\",\"breadcrumb\":{\"@id\":\"https:\/\/trivec.aws-staging.swace.se\/be-fr\/produits\/systeme-financier-restaurant\/#breadcrumb\"},\"inLanguage\":\"fr-BE\",\"potentialAction\":[{\"@type\":\"ReadAction\",\"target\":[\"https:\/\/trivec.aws-staging.swace.se\/be-fr\/produits\/systeme-financier-restaurant\/\"]}]},{\"@type\":\"BreadcrumbList\",\"@id\":\"https:\/\/trivec.aws-staging.swace.se\/be-fr\/produits\/systeme-financier-restaurant\/#breadcrumb\",\"itemListElement\":[{\"@type\":\"ListItem\",\"position\":1,\"name\":\"Home\",\"item\":\"https:\/\/trivec.aws-staging.swace.se\/be-fr\/\"},{\"@type\":\"ListItem\",\"position\":2,\"name\":\"Produits\",\"item\":\"https:\/\/www.trivec.aws-staging.swace.se\/be-fr\/produits\/\"},{\"@type\":\"ListItem\",\"position\":3,\"name\":\"Comptabilit\u00e9 restaurant\"}]},{\"@type\":\"WebSite\",\"@id\":\"https:\/\/trivec.aws-staging.swace.se\/be-fr\/#website\",\"url\":\"https:\/\/trivec.aws-staging.swace.se\/be-fr\/\",\"name\":\"Trivec\",\"description\":\"Leader du march\u00e9 en caisses enregistreuses et automatisation de bar\",\"potentialAction\":[{\"@type\":\"SearchAction\",\"target\":{\"@type\":\"EntryPoint\",\"urlTemplate\":\"https:\/\/trivec.aws-staging.swace.se\/be-fr\/?s={search_term_string}\"},\"query-input\":{\"@type\":\"PropertyValueSpecification\",\"valueRequired\":true,\"valueName\":\"search_term_string\"}}],\"inLanguage\":\"fr-BE\"}]}<\/script>\n<!-- \/ Yoast SEO plugin. -->","yoast_head_json":{"title":"Comptabilit\u00e9 restaurant - Trivec Belgium","description":"Nos syst\u00e8mes de caisse enregistreuse offrent un flux automatis\u00e9 des \u00e9l\u00e9ments de la caisse enregistreuse \u00e0 la comptabilit\u00e9 restaurant.","robots":{"index":"noindex","follow":"follow"},"og_locale":"en_US","og_type":"article","og_title":"Comptabilit\u00e9 restaurant - Trivec Belgium","og_description":"Nos syst\u00e8mes de caisse enregistreuse offrent un flux automatis\u00e9 des \u00e9l\u00e9ments de la caisse enregistreuse \u00e0 la comptabilit\u00e9 restaurant.","og_url":"https:\/\/trivec.aws-staging.swace.se\/be-fr\/produits\/systeme-financier-restaurant\/","og_site_name":"Trivec","article_modified_time":"2023-03-20T10:41:08+00:00","twitter_card":"summary_large_image","schema":{"@context":"https:\/\/schema.org","@graph":[{"@type":"WebPage","@id":"https:\/\/trivec.aws-staging.swace.se\/be-fr\/produits\/systeme-financier-restaurant\/","url":"https:\/\/trivec.aws-staging.swace.se\/be-fr\/produits\/systeme-financier-restaurant\/","name":"Comptabilit\u00e9 restaurant - Trivec Belgium","isPartOf":{"@id":"https:\/\/trivec.aws-staging.swace.se\/be-fr\/#website"},"datePublished":"2020-12-18T15:30:23+00:00","dateModified":"2023-03-20T10:41:08+00:00","description":"Nos syst\u00e8mes de caisse enregistreuse offrent un flux automatis\u00e9 des \u00e9l\u00e9ments de la caisse enregistreuse \u00e0 la comptabilit\u00e9 restaurant.","breadcrumb":{"@id":"https:\/\/trivec.aws-staging.swace.se\/be-fr\/produits\/systeme-financier-restaurant\/#breadcrumb"},"inLanguage":"fr-BE","potentialAction":[{"@type":"ReadAction","target":["https:\/\/trivec.aws-staging.swace.se\/be-fr\/produits\/systeme-financier-restaurant\/"]}]},{"@type":"BreadcrumbList","@id":"https:\/\/trivec.aws-staging.swace.se\/be-fr\/produits\/systeme-financier-restaurant\/#breadcrumb","itemListElement":[{"@type":"ListItem","position":1,"name":"Home","item":"https:\/\/trivec.aws-staging.swace.se\/be-fr\/"},{"@type":"ListItem","position":2,"name":"Produits","item":"https:\/\/www.trivec.aws-staging.swace.se\/be-fr\/produits\/"},{"@type":"ListItem","position":3,"name":"Comptabilit\u00e9 restaurant"}]},{"@type":"WebSite","@id":"https:\/\/trivec.aws-staging.swace.se\/be-fr\/#website","url":"https:\/\/trivec.aws-staging.swace.se\/be-fr\/","name":"Trivec","description":"Leader du march\u00e9 en caisses enregistreuses et automatisation de bar","potentialAction":[{"@type":"SearchAction","target":{"@type":"EntryPoint","urlTemplate":"https:\/\/trivec.aws-staging.swace.se\/be-fr\/?s={search_term_string}"},"query-input":{"@type":"PropertyValueSpecification","valueRequired":true,"valueName":"search_term_string"}}],"inLanguage":"fr-BE"}]}},"_links":{"self":[{"href":"https:\/\/trivec.aws-staging.swace.se\/be-fr\/wp-json\/wp\/v2\/pages\/14939","targetHints":{"allow":["GET"]}}],"collection":[{"href":"https:\/\/trivec.aws-staging.swace.se\/be-fr\/wp-json\/wp\/v2\/pages"}],"about":[{"href":"https:\/\/trivec.aws-staging.swace.se\/be-fr\/wp-json\/wp\/v2\/types\/page"}],"author":[{"embeddable":true,"href":"https:\/\/trivec.aws-staging.swace.se\/be-fr\/wp-json\/wp\/v2\/users\/2"}],"replies":[{"embeddable":true,"href":"https:\/\/trivec.aws-staging.swace.se\/be-fr\/wp-json\/wp\/v2\/comments?post=14939"}],"version-history":[{"count":14,"href":"https:\/\/trivec.aws-staging.swace.se\/be-fr\/wp-json\/wp\/v2\/pages\/14939\/revisions"}],"predecessor-version":[{"id":32367,"href":"https:\/\/trivec.aws-staging.swace.se\/be-fr\/wp-json\/wp\/v2\/pages\/14939\/revisions\/32367"}],"up":[{"embeddable":true,"href":"https:\/\/trivec.aws-staging.swace.se\/be-fr\/wp-json\/wp\/v2\/pages\/1142"}],"wp:attachment":[{"href":"https:\/\/trivec.aws-staging.swace.se\/be-fr\/wp-json\/wp\/v2\/media?parent=14939"}],"curies":[{"name":"wp","href":"https:\/\/api.w.org\/{rel}","templated":true}]}}