{"id":1127,"date":"2018-12-11T15:27:05","date_gmt":"2018-12-11T15:27:05","guid":{"rendered":"https:\/\/www.trivec.se\/formular\/kontakta-mig-integrationer\/"},"modified":"2021-09-16T09:41:54","modified_gmt":"2021-09-16T07:41:54","slug":"nous-contacter-integrations","status":"publish","type":"page","link":"https:\/\/trivec.aws-staging.swace.se\/be-fr\/formulaire\/nous-contacter-integrations\/","title":{"rendered":"Nous contacter int\u00e9grations"},"content":{"rendered":"<div class=\"wpb-content-wrapper\"><p>[vc_row use_background_image=\u00a0\u00bbyes\u00a0\u00bb vertical_align_center=\u00a0\u00bbyes\u00a0\u00bb][vc_column width=\u00a0\u00bb1\/2&Prime;][vc_headline icon=\u00a0\u00bb\u00a0\u00bb]Je veux en savoir plus[\/vc_headline][vc_column_text]Lorsque vous aurez inscrit vos coordonn\u00e9es, vous serez contact\u00e9 par un expert de Trivec qui vous en dira plus sur nos int\u00e9grations et services suppl\u00e9mentaires.[\/vc_column_text][vc_column_text]\n\t\t\t\t\t\t<script>\n\t\t\t\t\t\t\twindow.hsFormsOnReady = window.hsFormsOnReady || [];\n\t\t\t\t\t\t\twindow.hsFormsOnReady.push(()=>{\n\t\t\t\t\t\t\t\thbspt.forms.create({\n\t\t\t\t\t\t\t\t\tportalId: 4620018,\n\t\t\t\t\t\t\t\t\tformId: \"f3e1e979-6d44-40ba-9e2d-223af1de4379\",\n\t\t\t\t\t\t\t\t\ttarget: \"#hbspt-form-1775870470000-9447296795\",\n\t\t\t\t\t\t\t\t\tregion: \"\",\n\t\t\t\t\t\t\t\t\t\n\t\t\t\t\t\t\t})});\n\t\t\t\t\t\t<\/script>\n\t\t\t\t\t\t<div class=\"hbspt-form\" id=\"hbspt-form-1775870470000-9447296795\"><\/div>[\/vc_column_text][\/vc_column][vc_column width=\u00a0\u00bb1\/2&Prime;][vc_single_image image=\u00a0\u00bb19939&Prime;][\/vc_column][\/vc_row]<\/p>\n<\/div>","protected":false},"excerpt":{"rendered":"<p>[vc_row use_background_image=\u00a0\u00bbyes\u00a0\u00bb vertical_align_center=\u00a0\u00bbyes\u00a0\u00bb][vc_column width=\u00a0\u00bb1\/2&Prime;][vc_headline icon=\u00a0\u00bb\u00a0\u00bb]Je veux en savoir plus[\/vc_headline][vc_column_text]Lorsque vous aurez inscrit vos coordonn\u00e9es, vous serez contact\u00e9 par un expert de Trivec qui vous en dira plus sur nos int\u00e9grations et services suppl\u00e9mentaires.[\/vc_column_text][vc_column_text][\/vc_column_text][\/vc_column][vc_column width=\u00a0\u00bb1\/2&Prime;][vc_single_image image=\u00a0\u00bb19939&Prime;][\/vc_column][\/vc_row]<\/p>\n","protected":false},"author":1,"featured_media":0,"parent":1112,"menu_order":3,"comment_status":"closed","ping_status":"closed","template":"","meta":{"_acf_changed":false,"content-type":"","footnotes":""},"class_list":["post-1127","page","type-page","status-publish","hentry"],"acf":[],"yoast_head":"<!-- This site is optimized with the Yoast SEO plugin v27.2 - https:\/\/yoast.com\/product\/yoast-seo-wordpress\/ -->\n<title>Nous contacter int\u00e9grations - Trivec<\/title>\n<meta name=\"description\" content=\"Lorsque vous aurez inscrit vos coordonn\u00e9es, vous serez contact\u00e9 par un de nos experts qualifi\u00e9s qui vous montrera nos solutions\" \/>\n<meta name=\"robots\" content=\"noindex, follow\" \/>\n<meta property=\"og:locale\" content=\"en_US\" \/>\n<meta property=\"og:type\" content=\"article\" \/>\n<meta property=\"og:title\" content=\"Nous contacter int\u00e9grations - Trivec\" \/>\n<meta property=\"og:description\" content=\"Lorsque vous aurez inscrit vos coordonn\u00e9es, vous serez contact\u00e9 par un de nos experts qualifi\u00e9s qui vous montrera nos solutions\" \/>\n<meta property=\"og:url\" content=\"https:\/\/trivec.aws-staging.swace.se\/be-fr\/formulaire\/nous-contacter-integrations\/\" \/>\n<meta property=\"og:site_name\" content=\"Trivec\" \/>\n<meta property=\"article:modified_time\" content=\"2021-09-16T07:41:54+00:00\" \/>\n<meta name=\"twitter:card\" content=\"summary_large_image\" \/>\n<meta name=\"twitter:label1\" content=\"Est. reading time\" \/>\n\t<meta name=\"twitter:data1\" content=\"1 minute\" \/>\n<script type=\"application\/ld+json\" class=\"yoast-schema-graph\">{\"@context\":\"https:\/\/schema.org\",\"@graph\":[{\"@type\":\"WebPage\",\"@id\":\"https:\/\/trivec.aws-staging.swace.se\/be-fr\/formulaire\/nous-contacter-integrations\/\",\"url\":\"https:\/\/trivec.aws-staging.swace.se\/be-fr\/formulaire\/nous-contacter-integrations\/\",\"name\":\"Nous contacter int\u00e9grations - Trivec\",\"isPartOf\":{\"@id\":\"https:\/\/trivec.aws-staging.swace.se\/be-fr\/#website\"},\"datePublished\":\"2018-12-11T15:27:05+00:00\",\"dateModified\":\"2021-09-16T07:41:54+00:00\",\"description\":\"Lorsque vous aurez inscrit vos coordonn\u00e9es, vous serez contact\u00e9 par un de nos experts qualifi\u00e9s qui vous montrera nos solutions\",\"breadcrumb\":{\"@id\":\"https:\/\/trivec.aws-staging.swace.se\/be-fr\/formulaire\/nous-contacter-integrations\/#breadcrumb\"},\"inLanguage\":\"fr-BE\",\"potentialAction\":[{\"@type\":\"ReadAction\",\"target\":[\"https:\/\/trivec.aws-staging.swace.se\/be-fr\/formulaire\/nous-contacter-integrations\/\"]}]},{\"@type\":\"BreadcrumbList\",\"@id\":\"https:\/\/trivec.aws-staging.swace.se\/be-fr\/formulaire\/nous-contacter-integrations\/#breadcrumb\",\"itemListElement\":[{\"@type\":\"ListItem\",\"position\":1,\"name\":\"Home\",\"item\":\"https:\/\/trivec.aws-staging.swace.se\/be-fr\/\"},{\"@type\":\"ListItem\",\"position\":2,\"name\":\"Formulaire\",\"item\":\"https:\/\/www.trivec.aws-staging.swace.se\/be-fr\/formulaire\/\"},{\"@type\":\"ListItem\",\"position\":3,\"name\":\"Nous contacter int\u00e9grations\"}]},{\"@type\":\"WebSite\",\"@id\":\"https:\/\/trivec.aws-staging.swace.se\/be-fr\/#website\",\"url\":\"https:\/\/trivec.aws-staging.swace.se\/be-fr\/\",\"name\":\"Trivec\",\"description\":\"Leader du march\u00e9 en caisses enregistreuses et automatisation de bar\",\"potentialAction\":[{\"@type\":\"SearchAction\",\"target\":{\"@type\":\"EntryPoint\",\"urlTemplate\":\"https:\/\/trivec.aws-staging.swace.se\/be-fr\/?s={search_term_string}\"},\"query-input\":{\"@type\":\"PropertyValueSpecification\",\"valueRequired\":true,\"valueName\":\"search_term_string\"}}],\"inLanguage\":\"fr-BE\"}]}<\/script>\n<!-- \/ Yoast SEO plugin. -->","yoast_head_json":{"title":"Nous contacter int\u00e9grations - Trivec","description":"Lorsque vous aurez inscrit vos coordonn\u00e9es, vous serez contact\u00e9 par un de nos experts qualifi\u00e9s qui vous montrera nos solutions","robots":{"index":"noindex","follow":"follow"},"og_locale":"en_US","og_type":"article","og_title":"Nous contacter int\u00e9grations - Trivec","og_description":"Lorsque vous aurez inscrit vos coordonn\u00e9es, vous serez contact\u00e9 par un de nos experts qualifi\u00e9s qui vous montrera nos solutions","og_url":"https:\/\/trivec.aws-staging.swace.se\/be-fr\/formulaire\/nous-contacter-integrations\/","og_site_name":"Trivec","article_modified_time":"2021-09-16T07:41:54+00:00","twitter_card":"summary_large_image","twitter_misc":{"Est. reading time":"1 minute"},"schema":{"@context":"https:\/\/schema.org","@graph":[{"@type":"WebPage","@id":"https:\/\/trivec.aws-staging.swace.se\/be-fr\/formulaire\/nous-contacter-integrations\/","url":"https:\/\/trivec.aws-staging.swace.se\/be-fr\/formulaire\/nous-contacter-integrations\/","name":"Nous contacter int\u00e9grations - Trivec","isPartOf":{"@id":"https:\/\/trivec.aws-staging.swace.se\/be-fr\/#website"},"datePublished":"2018-12-11T15:27:05+00:00","dateModified":"2021-09-16T07:41:54+00:00","description":"Lorsque vous aurez inscrit vos coordonn\u00e9es, vous serez contact\u00e9 par un de nos experts qualifi\u00e9s qui vous montrera nos solutions","breadcrumb":{"@id":"https:\/\/trivec.aws-staging.swace.se\/be-fr\/formulaire\/nous-contacter-integrations\/#breadcrumb"},"inLanguage":"fr-BE","potentialAction":[{"@type":"ReadAction","target":["https:\/\/trivec.aws-staging.swace.se\/be-fr\/formulaire\/nous-contacter-integrations\/"]}]},{"@type":"BreadcrumbList","@id":"https:\/\/trivec.aws-staging.swace.se\/be-fr\/formulaire\/nous-contacter-integrations\/#breadcrumb","itemListElement":[{"@type":"ListItem","position":1,"name":"Home","item":"https:\/\/trivec.aws-staging.swace.se\/be-fr\/"},{"@type":"ListItem","position":2,"name":"Formulaire","item":"https:\/\/www.trivec.aws-staging.swace.se\/be-fr\/formulaire\/"},{"@type":"ListItem","position":3,"name":"Nous contacter int\u00e9grations"}]},{"@type":"WebSite","@id":"https:\/\/trivec.aws-staging.swace.se\/be-fr\/#website","url":"https:\/\/trivec.aws-staging.swace.se\/be-fr\/","name":"Trivec","description":"Leader du march\u00e9 en caisses enregistreuses et automatisation de bar","potentialAction":[{"@type":"SearchAction","target":{"@type":"EntryPoint","urlTemplate":"https:\/\/trivec.aws-staging.swace.se\/be-fr\/?s={search_term_string}"},"query-input":{"@type":"PropertyValueSpecification","valueRequired":true,"valueName":"search_term_string"}}],"inLanguage":"fr-BE"}]}},"_links":{"self":[{"href":"https:\/\/trivec.aws-staging.swace.se\/be-fr\/wp-json\/wp\/v2\/pages\/1127","targetHints":{"allow":["GET"]}}],"collection":[{"href":"https:\/\/trivec.aws-staging.swace.se\/be-fr\/wp-json\/wp\/v2\/pages"}],"about":[{"href":"https:\/\/trivec.aws-staging.swace.se\/be-fr\/wp-json\/wp\/v2\/types\/page"}],"author":[{"embeddable":true,"href":"https:\/\/trivec.aws-staging.swace.se\/be-fr\/wp-json\/wp\/v2\/users\/1"}],"replies":[{"embeddable":true,"href":"https:\/\/trivec.aws-staging.swace.se\/be-fr\/wp-json\/wp\/v2\/comments?post=1127"}],"version-history":[{"count":5,"href":"https:\/\/trivec.aws-staging.swace.se\/be-fr\/wp-json\/wp\/v2\/pages\/1127\/revisions"}],"predecessor-version":[{"id":20081,"href":"https:\/\/trivec.aws-staging.swace.se\/be-fr\/wp-json\/wp\/v2\/pages\/1127\/revisions\/20081"}],"up":[{"embeddable":true,"href":"https:\/\/trivec.aws-staging.swace.se\/be-fr\/wp-json\/wp\/v2\/pages\/1112"}],"wp:attachment":[{"href":"https:\/\/trivec.aws-staging.swace.se\/be-fr\/wp-json\/wp\/v2\/media?parent=1127"}],"curies":[{"name":"wp","href":"https:\/\/api.w.org\/{rel}","templated":true}]}}