{"id":1107,"date":"2018-12-07T07:49:46","date_gmt":"2018-12-07T07:49:46","guid":{"rendered":"https:\/\/www.trivec.se\/login\/"},"modified":"2021-05-19T13:16:15","modified_gmt":"2021-05-19T11:16:15","slug":"my-trivec","status":"publish","type":"page","link":"https:\/\/trivec.aws-staging.swace.se\/be-fr\/my-trivec\/","title":{"rendered":"My Trivec"},"content":{"rendered":"<div class=\"wpb-content-wrapper\"><p>[vc_row use_background_image=\u00a0\u00bbyes\u00a0\u00bb vertical_align_center=\u00a0\u00bbyes\u00a0\u00bb][vc_column width=\u00a0\u00bb1\/2&Prime;][vc_single_image image=\u00a0\u00bb822&Prime;][\/vc_column][vc_column width=\u00a0\u00bb1\/2&Prime;][vc_headline icon=\u00a0\u00bb\u00a0\u00bb]My Trivec[\/vc_headline][vc_column_text]Avec notre service Web My Trivec, vous acc\u00e9dez \u00e0 toutes les donn\u00e9es pertinentes relatives \u00e0 votre etablissement dans un tableau de bord facile \u00e0 utiliser. Vous voyez les chiffres de ventes en temps r\u00e9el et pouvez facilement obtenir des rapports personnalis\u00e9s. Peu importe o\u00f9 vous \u00eates, vous contr\u00f4lez votre \u00e9tablissement. Vous pouvez ajouter des services \u00e0 My Trivec et les \u00e9largir \u00e0 vos besoins. La version de base du service est gratuite.<\/p>\n<p>Commencez d\u00e8s aujourd&rsquo;hui en cr\u00e9ant un compte ou connectez-vous \u00e0 votre compte existant![\/vc_column_text][vc_btn cta_text_color=\u00a0\u00bbwhite\u00a0\u00bb title=\u00a0\u00bbMyTrivec\u00a0\u00bb link=\u00a0\u00bburl:https%3A%2F%2Fmytrivec.com%2Flogin|||\u00a0\u00bb][\/vc_column][\/vc_row]<\/p>\n<\/div>","protected":false},"excerpt":{"rendered":"<p>[vc_row use_background_image=\u00a0\u00bbyes\u00a0\u00bb vertical_align_center=\u00a0\u00bbyes\u00a0\u00bb][vc_column width=\u00a0\u00bb1\/2&Prime;][vc_single_image image=\u00a0\u00bb822&Prime;][\/vc_column][vc_column width=\u00a0\u00bb1\/2&Prime;][vc_headline icon=\u00a0\u00bb\u00a0\u00bb]My Trivec[\/vc_headline][vc_column_text]Avec notre service Web My Trivec, vous acc\u00e9dez \u00e0 toutes les donn\u00e9es pertinentes relatives \u00e0 votre etablissement dans un tableau de bord facile \u00e0 utiliser. Vous voyez les chiffres de ventes en temps r\u00e9el et pouvez facilement obtenir des rapports personnalis\u00e9s. Peu importe o\u00f9 vous \u00eates, vous contr\u00f4lez [&hellip;]<\/p>\n","protected":false},"author":1,"featured_media":0,"parent":0,"menu_order":14,"comment_status":"closed","ping_status":"closed","template":"","meta":{"_acf_changed":false,"content-type":"","footnotes":""},"class_list":["post-1107","page","type-page","status-publish","hentry"],"acf":[],"yoast_head":"<!-- This site is optimized with the Yoast SEO plugin v27.2 - https:\/\/yoast.com\/product\/yoast-seo-wordpress\/ -->\n<title>My Trivec - Trivec<\/title>\n<meta name=\"robots\" content=\"noindex, follow\" \/>\n<meta property=\"og:locale\" content=\"en_US\" \/>\n<meta property=\"og:type\" content=\"article\" \/>\n<meta property=\"og:title\" content=\"My Trivec - Trivec\" \/>\n<meta property=\"og:description\" content=\"[vc_row use_background_image=\u00a0\u00bbyes\u00a0\u00bb vertical_align_center=\u00a0\u00bbyes\u00a0\u00bb][vc_column width=\u00a0\u00bb1\/2&Prime;][vc_single_image image=\u00a0\u00bb822&Prime;][\/vc_column][vc_column width=\u00a0\u00bb1\/2&Prime;][vc_headline icon=\u00a0\u00bb\u00a0\u00bb]My Trivec[\/vc_headline][vc_column_text]Avec notre service Web My Trivec, vous acc\u00e9dez \u00e0 toutes les donn\u00e9es pertinentes relatives \u00e0 votre etablissement dans un tableau de bord facile \u00e0 utiliser. Vous voyez les chiffres de ventes en temps r\u00e9el et pouvez facilement obtenir des rapports personnalis\u00e9s. Peu importe o\u00f9 vous \u00eates, vous contr\u00f4lez [&hellip;]\" \/>\n<meta property=\"og:url\" content=\"https:\/\/trivec.aws-staging.swace.se\/be-fr\/my-trivec\/\" \/>\n<meta property=\"og:site_name\" content=\"Trivec\" \/>\n<meta property=\"article:modified_time\" content=\"2021-05-19T11:16:15+00:00\" \/>\n<meta name=\"twitter:card\" content=\"summary_large_image\" \/>\n<meta name=\"twitter:label1\" content=\"Est. reading time\" \/>\n\t<meta name=\"twitter:data1\" content=\"1 minute\" \/>\n<script type=\"application\/ld+json\" class=\"yoast-schema-graph\">{\"@context\":\"https:\/\/schema.org\",\"@graph\":[{\"@type\":\"WebPage\",\"@id\":\"https:\/\/trivec.aws-staging.swace.se\/be-fr\/my-trivec\/\",\"url\":\"https:\/\/trivec.aws-staging.swace.se\/be-fr\/my-trivec\/\",\"name\":\"My Trivec - Trivec\",\"isPartOf\":{\"@id\":\"https:\/\/trivec.aws-staging.swace.se\/be-fr\/#website\"},\"datePublished\":\"2018-12-07T07:49:46+00:00\",\"dateModified\":\"2021-05-19T11:16:15+00:00\",\"breadcrumb\":{\"@id\":\"https:\/\/trivec.aws-staging.swace.se\/be-fr\/my-trivec\/#breadcrumb\"},\"inLanguage\":\"fr-BE\",\"potentialAction\":[{\"@type\":\"ReadAction\",\"target\":[\"https:\/\/trivec.aws-staging.swace.se\/be-fr\/my-trivec\/\"]}]},{\"@type\":\"BreadcrumbList\",\"@id\":\"https:\/\/trivec.aws-staging.swace.se\/be-fr\/my-trivec\/#breadcrumb\",\"itemListElement\":[{\"@type\":\"ListItem\",\"position\":1,\"name\":\"Home\",\"item\":\"https:\/\/trivec.aws-staging.swace.se\/be-fr\/\"},{\"@type\":\"ListItem\",\"position\":2,\"name\":\"My Trivec\"}]},{\"@type\":\"WebSite\",\"@id\":\"https:\/\/trivec.aws-staging.swace.se\/be-fr\/#website\",\"url\":\"https:\/\/trivec.aws-staging.swace.se\/be-fr\/\",\"name\":\"Trivec\",\"description\":\"Leader du march\u00e9 en caisses enregistreuses et automatisation de bar\",\"potentialAction\":[{\"@type\":\"SearchAction\",\"target\":{\"@type\":\"EntryPoint\",\"urlTemplate\":\"https:\/\/trivec.aws-staging.swace.se\/be-fr\/?s={search_term_string}\"},\"query-input\":{\"@type\":\"PropertyValueSpecification\",\"valueRequired\":true,\"valueName\":\"search_term_string\"}}],\"inLanguage\":\"fr-BE\"}]}<\/script>\n<!-- \/ Yoast SEO plugin. -->","yoast_head_json":{"title":"My Trivec - Trivec","robots":{"index":"noindex","follow":"follow"},"og_locale":"en_US","og_type":"article","og_title":"My Trivec - Trivec","og_description":"[vc_row use_background_image=\u00a0\u00bbyes\u00a0\u00bb vertical_align_center=\u00a0\u00bbyes\u00a0\u00bb][vc_column width=\u00a0\u00bb1\/2&Prime;][vc_single_image image=\u00a0\u00bb822&Prime;][\/vc_column][vc_column width=\u00a0\u00bb1\/2&Prime;][vc_headline icon=\u00a0\u00bb\u00a0\u00bb]My Trivec[\/vc_headline][vc_column_text]Avec notre service Web My Trivec, vous acc\u00e9dez \u00e0 toutes les donn\u00e9es pertinentes relatives \u00e0 votre etablissement dans un tableau de bord facile \u00e0 utiliser. Vous voyez les chiffres de ventes en temps r\u00e9el et pouvez facilement obtenir des rapports personnalis\u00e9s. Peu importe o\u00f9 vous \u00eates, vous contr\u00f4lez [&hellip;]","og_url":"https:\/\/trivec.aws-staging.swace.se\/be-fr\/my-trivec\/","og_site_name":"Trivec","article_modified_time":"2021-05-19T11:16:15+00:00","twitter_card":"summary_large_image","twitter_misc":{"Est. reading time":"1 minute"},"schema":{"@context":"https:\/\/schema.org","@graph":[{"@type":"WebPage","@id":"https:\/\/trivec.aws-staging.swace.se\/be-fr\/my-trivec\/","url":"https:\/\/trivec.aws-staging.swace.se\/be-fr\/my-trivec\/","name":"My Trivec - Trivec","isPartOf":{"@id":"https:\/\/trivec.aws-staging.swace.se\/be-fr\/#website"},"datePublished":"2018-12-07T07:49:46+00:00","dateModified":"2021-05-19T11:16:15+00:00","breadcrumb":{"@id":"https:\/\/trivec.aws-staging.swace.se\/be-fr\/my-trivec\/#breadcrumb"},"inLanguage":"fr-BE","potentialAction":[{"@type":"ReadAction","target":["https:\/\/trivec.aws-staging.swace.se\/be-fr\/my-trivec\/"]}]},{"@type":"BreadcrumbList","@id":"https:\/\/trivec.aws-staging.swace.se\/be-fr\/my-trivec\/#breadcrumb","itemListElement":[{"@type":"ListItem","position":1,"name":"Home","item":"https:\/\/trivec.aws-staging.swace.se\/be-fr\/"},{"@type":"ListItem","position":2,"name":"My Trivec"}]},{"@type":"WebSite","@id":"https:\/\/trivec.aws-staging.swace.se\/be-fr\/#website","url":"https:\/\/trivec.aws-staging.swace.se\/be-fr\/","name":"Trivec","description":"Leader du march\u00e9 en caisses enregistreuses et automatisation de bar","potentialAction":[{"@type":"SearchAction","target":{"@type":"EntryPoint","urlTemplate":"https:\/\/trivec.aws-staging.swace.se\/be-fr\/?s={search_term_string}"},"query-input":{"@type":"PropertyValueSpecification","valueRequired":true,"valueName":"search_term_string"}}],"inLanguage":"fr-BE"}]}},"_links":{"self":[{"href":"https:\/\/trivec.aws-staging.swace.se\/be-fr\/wp-json\/wp\/v2\/pages\/1107","targetHints":{"allow":["GET"]}}],"collection":[{"href":"https:\/\/trivec.aws-staging.swace.se\/be-fr\/wp-json\/wp\/v2\/pages"}],"about":[{"href":"https:\/\/trivec.aws-staging.swace.se\/be-fr\/wp-json\/wp\/v2\/types\/page"}],"author":[{"embeddable":true,"href":"https:\/\/trivec.aws-staging.swace.se\/be-fr\/wp-json\/wp\/v2\/users\/1"}],"replies":[{"embeddable":true,"href":"https:\/\/trivec.aws-staging.swace.se\/be-fr\/wp-json\/wp\/v2\/comments?post=1107"}],"version-history":[{"count":6,"href":"https:\/\/trivec.aws-staging.swace.se\/be-fr\/wp-json\/wp\/v2\/pages\/1107\/revisions"}],"predecessor-version":[{"id":17334,"href":"https:\/\/trivec.aws-staging.swace.se\/be-fr\/wp-json\/wp\/v2\/pages\/1107\/revisions\/17334"}],"wp:attachment":[{"href":"https:\/\/trivec.aws-staging.swace.se\/be-fr\/wp-json\/wp\/v2\/media?parent=1107"}],"curies":[{"name":"wp","href":"https:\/\/api.w.org\/{rel}","templated":true}]}}