{"id":1100,"date":"2018-12-05T14:37:03","date_gmt":"2018-12-05T14:37:03","guid":{"rendered":"https:\/\/www.trivec.se\/kunder\/"},"modified":"2023-01-11T09:50:55","modified_gmt":"2023-01-11T08:50:55","slug":"clients","status":"publish","type":"page","link":"https:\/\/trivec.aws-staging.swace.se\/be-fr\/clients\/","title":{"rendered":"Clients"},"content":{"rendered":"<div class=\"wpb-content-wrapper\"><p>[vc_row equal_height=\u00a0\u00bbyes\u00a0\u00bb color_scheme=\u00a0\u00bbdark\u00a0\u00bb][vc_column width=\u00a0\u00bb1\/6&Prime;][\/vc_column][vc_column width=\u00a0\u00bb2\/3&Prime;][vc_component_intro heading_text=\u00a0\u00bbVous \u00eates en bonne compagnie\u00a0\u00bb preamble=\u00a0\u00bbNous avons plus de 8\u2009000 clients en Europe, des restaurants et bars aux grands restaurants et cha\u00eenes d\u2019h\u00f4tels.\u00a0\u00bb][vc_basic_grid post_type=\u00a0\u00bbids\u00a0\u00bb element_width=\u00a0\u00bb6&Prime; grid_id=\u00a0\u00bbvc_gid:1673427026180-2ae53221-a4e4-1&Prime; include=\u00a0\u00bb29752, 29733, 1504, 1526&Prime;][\/vc_column][vc_column width=\u00a0\u00bb1\/6&Prime;][\/vc_column][\/vc_row][vc_row][vc_column][vc_component_intro align=\u00a0\u00bbcenter\u00a0\u00bb heading_text=\u00a0\u00bbCertains de nos clients\u00a0\u00bb][vc_row_inner][vc_column_inner width=\u00a0\u00bb1\/3&Prime;][vc_single_image image=\u00a0\u00bb2953&Prime; alignment=\u00a0\u00bbcenter\u00a0\u00bb][vc_headline icon=\u00a0\u00bb\u00a0\u00bb size=\u00a0\u00bbmedium-bold\u00a0\u00bb align=\u00a0\u00bbcenter\u00a0\u00bb]Brasserie Rubens[\/vc_headline][vc_column_text]<\/p>\n<p style=\"text-align: center;\">Le Rubens est un institut \u00e0 Knokke-Heist, et nulle part ailleurs, un rapport qualit\u00e9-prix est meilleur qu&rsquo;ici. Sur la terrasse, vous \u00eates toujours \u00e0 l&rsquo;abri du vent et le service est toujours extr\u00eamement sympathique.<\/p>\n<p>[\/vc_column_text][\/vc_column_inner][vc_column_inner width=\u00a0\u00bb1\/3&Prime;][vc_single_image image=\u00a0\u00bb3163&Prime; alignment=\u00a0\u00bbcenter\u00a0\u00bb][vc_headline icon=\u00a0\u00bb\u00a0\u00bb size=\u00a0\u00bbmedium-bold\u00a0\u00bb align=\u00a0\u00bbcenter\u00a0\u00bb]Rhodesgoed[\/vc_headline][vc_column_text]<\/p>\n<p style=\"text-align: center;\">Brasserie &#8211; restaurant &lsquo;t Rhodesgoed est unique en raison de la beaut\u00e9 de sa nature et de son cadre paisible qui permet de se d\u00e9tendre et de se laisser aller.<\/p>\n<p>[\/vc_column_text][\/vc_column_inner][vc_column_inner width=\u00a0\u00bb1\/3&Prime;][vc_single_image image=\u00a0\u00bb2981&Prime; alignment=\u00a0\u00bbcenter\u00a0\u00bb][vc_headline icon=\u00a0\u00bb\u00a0\u00bb size=\u00a0\u00bbmedium-bold\u00a0\u00bb align=\u00a0\u00bbcenter\u00a0\u00bb]Cremerie Francois[\/vc_headline][vc_column_text]<\/p>\n<p style=\"text-align: center;\">\u00c0 la Cremerie Fran\u00e7ois, nous appr\u00e9cions les traditions de notre m\u00e9tier.Nous sommes l\u2019un des plus anciens glaciers de Belgique et jouissons d\u2019une r\u00e9putation impeccable depuis 1928.<\/p>\n<p>[\/vc_column_text][\/vc_column_inner][\/vc_row_inner][vc_row_inner][vc_column_inner width=\u00a0\u00bb1\/3&Prime;][vc_single_image image=\u00a0\u00bb3037&Prime; alignment=\u00a0\u00bbcenter\u00a0\u00bb][vc_headline icon=\u00a0\u00bb\u00a0\u00bb size=\u00a0\u00bbmedium-bold\u00a0\u00bb align=\u00a0\u00bbcenter\u00a0\u00bb]Falstaff[\/vc_headline][vc_column_text]<\/p>\n<p style=\"text-align: center;\">Le Falstaff est un caf\u00e9 confortable de conversation et de danse situ\u00e9 sur la place du march\u00e9 de Lokeren. Pour un d\u00e9jeuner rapide, une bi\u00e8rre rafra\u00eechissante, une r\u00e9union ou une soir\u00e9e dansante avec des DJ entre amis.<\/p>\n<p>[\/vc_column_text][\/vc_column_inner][vc_column_inner width=\u00a0\u00bb1\/3&Prime;][vc_single_image image=\u00a0\u00bb3128&Prime; alignment=\u00a0\u00bbcenter\u00a0\u00bb][vc_headline icon=\u00a0\u00bb\u00a0\u00bb size=\u00a0\u00bbmedium-bold\u00a0\u00bb align=\u00a0\u00bbcenter\u00a0\u00bb]O&rsquo;Leary&rsquo;s[\/vc_headline][vc_column_text]<\/p>\n<p style=\"text-align: center;\">O&rsquo;Learys est un restaurant d&rsquo;\u00e9v\u00e9nement informel dans le style d&rsquo;un pub de quartier \u00e0 Boston. Nous offrons \u00e0 nos clients une exp\u00e9rience compl\u00e8te, alliant sport, cuisine am\u00e9ricaine, environnement bien d\u00e9fini et atmosph\u00e8re conviviale, avec musique et autres formes de divertissement.<\/p>\n<p>[\/vc_column_text][\/vc_column_inner][vc_column_inner width=\u00a0\u00bb1\/3&Prime;][vc_single_image image=\u00a0\u00bb3142&Prime; alignment=\u00a0\u00bbcenter\u00a0\u00bb][vc_headline icon=\u00a0\u00bb\u00a0\u00bb size=\u00a0\u00bbmedium-bold\u00a0\u00bb align=\u00a0\u00bbcenter\u00a0\u00bb]Or Coffee[\/vc_headline][vc_column_text]<\/p>\n<p style=\"text-align: center;\">Nos baristas professionnels vous font sentir comme chez vous dans nos 4 caf\u00e9s. Profitez de notre caf\u00e9 du moment ou faites votre choix dans notre s\u00e9lection de th\u00e9 en feuilles, de sodas, de g\u00e2teaux et de p\u00e2tisseries maison, de suggestions de petit d\u00e9jeuners ou de d\u00e9jeuners l\u00e9gers.<\/p>\n<p>[\/vc_column_text][\/vc_column_inner][\/vc_row_inner][vc_row_inner][vc_column_inner width=\u00a0\u00bb1\/3&Prime;][vc_single_image image=\u00a0\u00bb3044&Prime; alignment=\u00a0\u00bbcenter\u00a0\u00bb][vc_headline icon=\u00a0\u00bb\u00a0\u00bb size=\u00a0\u00bbmedium-bold\u00a0\u00bb align=\u00a0\u00bbcenter\u00a0\u00bb]Foodmakers[\/vc_headline][vc_column_text]<\/p>\n<p style=\"text-align: center;\">Une alimentation saine contribue \u00e0 un mode de vie \u00e9quilibr\u00e9. Ceux qui choisissent un mode de vie sain et une production alimentaire durable optent \u00e9galement pour une vie plus longue et plus heureuse sur une plan\u00e8te plus propre.<\/p>\n<p>[\/vc_column_text][\/vc_column_inner][vc_column_inner width=\u00a0\u00bb1\/3&Prime;][vc_single_image image=\u00a0\u00bb3065&Prime; alignment=\u00a0\u00bbcenter\u00a0\u00bb][vc_headline icon=\u00a0\u00bb\u00a0\u00bb size=\u00a0\u00bbmedium-bold\u00a0\u00bb align=\u00a0\u00bbcenter\u00a0\u00bb]Hector Chicken[\/vc_headline][vc_column_text]<\/p>\n<p style=\"text-align: center;\">Le plus chaud des poulets &#8211; R\u00f4tisserie belge depuis 1994<\/p>\n<p>[\/vc_column_text][\/vc_column_inner][vc_column_inner width=\u00a0\u00bb1\/3&Prime;][vc_single_image image=\u00a0\u00bb2974&Prime; alignment=\u00a0\u00bbcenter\u00a0\u00bb][vc_headline icon=\u00a0\u00bb\u00a0\u00bb size=\u00a0\u00bbmedium-bold\u00a0\u00bb align=\u00a0\u00bbcenter\u00a0\u00bb]Auberge de poteaupr\u00e9[\/vc_headline][vc_column_text]<\/p>\n<p style=\"text-align: center;\">L\u2019Auberge de Poteaupr\u00e9, qui est la brasserie-restaurant-h\u00f4tel de l\u2019Espace Chimay, est une halte id\u00e9ale pour savourer dans les meilleures conditions les produits de l\u2019Abbaye de Scourmont et ceux de la r\u00e9gion Chimacienne<\/p>\n<p>[\/vc_column_text][\/vc_column_inner][\/vc_row_inner][vc_row_inner][vc_column_inner width=\u00a0\u00bb1\/3&Prime;][vc_single_image image=\u00a0\u00bb3191&Prime; alignment=\u00a0\u00bbcenter\u00a0\u00bb][vc_headline icon=\u00a0\u00bb\u00a0\u00bb size=\u00a0\u00bbmedium-bold\u00a0\u00bb align=\u00a0\u00bbcenter\u00a0\u00bb]Casino Viage[\/vc_headline][vc_column_text]<\/p>\n<p style=\"text-align: center;\">VIAGE est un centre de loisirs dans le c\u0153ur anim\u00e9 de la ville. Regardez nos croupiers \u00e0 l\u2019\u0153uvre durant une partie de poker ou de blackjack, tentez votre chance aux machines \u00e0 sous ou \u00e0 la roulette.<\/p>\n<p>[\/vc_column_text][\/vc_column_inner][vc_column_inner width=\u00a0\u00bb1\/3&Prime;][vc_single_image image=\u00a0\u00bb3149&Prime; alignment=\u00a0\u00bbcenter\u00a0\u00bb][vc_headline icon=\u00a0\u00bb\u00a0\u00bb size=\u00a0\u00bbmedium-bold\u00a0\u00bb align=\u00a0\u00bbcenter\u00a0\u00bb]Pairi Daiza[\/vc_headline][vc_column_text]<\/p>\n<p style=\"text-align: center;\">Voici le temps d&rsquo;oublier le monde des voitures, de la vitesse, de la pollution, des tracas, et de prendre celui de respirer, de vivre et d&rsquo;observer dans le meilleur zoo de l&rsquo;Europe<\/p>\n<p>[\/vc_column_text][\/vc_column_inner][vc_column_inner width=\u00a0\u00bb1\/3&Prime;][vc_single_image image=\u00a0\u00bb2925&Prime; alignment=\u00a0\u00bbcenter\u00a0\u00bb][vc_headline icon=\u00a0\u00bb\u00a0\u00bb size=\u00a0\u00bbmedium-bold\u00a0\u00bb align=\u00a0\u00bbcenter\u00a0\u00bb]Hotel Les 3 cl\u00e9s[\/vc_headline][vc_column_text]<\/p>\n<p style=\"text-align: center;\">Un h\u00f4tel 4 \u00e9toiles qui allie confort et service personnalis\u00e9<\/p>\n<p>[\/vc_column_text][\/vc_column_inner][\/vc_row_inner][\/vc_column][\/vc_row]<\/p>\n<\/div>","protected":false},"excerpt":{"rendered":"<p>[vc_row equal_height=\u00a0\u00bbyes\u00a0\u00bb color_scheme=\u00a0\u00bbdark\u00a0\u00bb][vc_column width=\u00a0\u00bb1\/6&Prime;][\/vc_column][vc_column width=\u00a0\u00bb2\/3&Prime;][vc_component_intro heading_text=\u00a0\u00bbVous \u00eates en bonne compagnie\u00a0\u00bb preamble=\u00a0\u00bbNous avons plus de 8\u2009000 clients en Europe, des restaurants et bars aux grands restaurants et cha\u00eenes d\u2019h\u00f4tels.\u00a0\u00bb][vc_basic_grid post_type=\u00a0\u00bbids\u00a0\u00bb element_width=\u00a0\u00bb6&Prime; grid_id=\u00a0\u00bbvc_gid:1673427026180-2ae53221-a4e4-1&Prime; include=\u00a0\u00bb29752, 29733, 1504, 1526&Prime;][\/vc_column][vc_column width=\u00a0\u00bb1\/6&Prime;][\/vc_column][\/vc_row][vc_row][vc_column][vc_component_intro align=\u00a0\u00bbcenter\u00a0\u00bb heading_text=\u00a0\u00bbCertains de nos clients\u00a0\u00bb][vc_row_inner][vc_column_inner width=\u00a0\u00bb1\/3&Prime;][vc_single_image image=\u00a0\u00bb2953&Prime; alignment=\u00a0\u00bbcenter\u00a0\u00bb][vc_headline icon=\u00a0\u00bb\u00a0\u00bb size=\u00a0\u00bbmedium-bold\u00a0\u00bb align=\u00a0\u00bbcenter\u00a0\u00bb]Brasserie Rubens[\/vc_headline][vc_column_text] Le Rubens est un institut \u00e0 Knokke-Heist, [&hellip;]<\/p>\n","protected":false},"author":2,"featured_media":0,"parent":0,"menu_order":12,"comment_status":"closed","ping_status":"closed","template":"","meta":{"_acf_changed":false,"content-type":"","footnotes":""},"class_list":["post-1100","page","type-page","status-publish","hentry"],"acf":[],"yoast_head":"<!-- This site is optimized with the Yoast SEO plugin v27.2 - https:\/\/yoast.com\/product\/yoast-seo-wordpress\/ -->\n<title>Clients - Trivec<\/title>\n<meta name=\"description\" content=\"Nous avons plus de 7\u2009000 clients en Europe, des petits caf\u00e9s et bars aux grands restaurants et cha\u00eenes d\u2019h\u00f4tels.Ils parlent ici de notre collaboration.\" \/>\n<meta name=\"robots\" content=\"noindex, follow\" \/>\n<meta property=\"og:locale\" content=\"en_US\" \/>\n<meta property=\"og:type\" content=\"article\" \/>\n<meta property=\"og:title\" content=\"Clients - Trivec\" \/>\n<meta property=\"og:description\" content=\"Nous avons plus de 7\u2009000 clients en Europe, des petits caf\u00e9s et bars aux grands restaurants et cha\u00eenes d\u2019h\u00f4tels.Ils parlent ici de notre collaboration.\" \/>\n<meta property=\"og:url\" content=\"https:\/\/trivec.aws-staging.swace.se\/be-fr\/clients\/\" \/>\n<meta property=\"og:site_name\" content=\"Trivec\" \/>\n<meta property=\"article:modified_time\" content=\"2023-01-11T08:50:55+00:00\" \/>\n<meta name=\"twitter:card\" content=\"summary_large_image\" \/>\n<meta name=\"twitter:label1\" content=\"Est. reading time\" \/>\n\t<meta name=\"twitter:data1\" content=\"3 minutes\" \/>\n<script type=\"application\/ld+json\" class=\"yoast-schema-graph\">{\"@context\":\"https:\/\/schema.org\",\"@graph\":[{\"@type\":\"WebPage\",\"@id\":\"https:\/\/trivec.aws-staging.swace.se\/be-fr\/clients\/\",\"url\":\"https:\/\/trivec.aws-staging.swace.se\/be-fr\/clients\/\",\"name\":\"Clients - Trivec\",\"isPartOf\":{\"@id\":\"https:\/\/trivec.aws-staging.swace.se\/be-fr\/#website\"},\"datePublished\":\"2018-12-05T14:37:03+00:00\",\"dateModified\":\"2023-01-11T08:50:55+00:00\",\"description\":\"Nous avons plus de 7\u2009000 clients en Europe, des petits caf\u00e9s et bars aux grands restaurants et cha\u00eenes d\u2019h\u00f4tels.Ils parlent ici de notre collaboration.\",\"breadcrumb\":{\"@id\":\"https:\/\/trivec.aws-staging.swace.se\/be-fr\/clients\/#breadcrumb\"},\"inLanguage\":\"fr-BE\",\"potentialAction\":[{\"@type\":\"ReadAction\",\"target\":[\"https:\/\/trivec.aws-staging.swace.se\/be-fr\/clients\/\"]}]},{\"@type\":\"BreadcrumbList\",\"@id\":\"https:\/\/trivec.aws-staging.swace.se\/be-fr\/clients\/#breadcrumb\",\"itemListElement\":[{\"@type\":\"ListItem\",\"position\":1,\"name\":\"Home\",\"item\":\"https:\/\/trivec.aws-staging.swace.se\/be-fr\/\"},{\"@type\":\"ListItem\",\"position\":2,\"name\":\"Clients\"}]},{\"@type\":\"WebSite\",\"@id\":\"https:\/\/trivec.aws-staging.swace.se\/be-fr\/#website\",\"url\":\"https:\/\/trivec.aws-staging.swace.se\/be-fr\/\",\"name\":\"Trivec\",\"description\":\"Leader du march\u00e9 en caisses enregistreuses et automatisation de bar\",\"potentialAction\":[{\"@type\":\"SearchAction\",\"target\":{\"@type\":\"EntryPoint\",\"urlTemplate\":\"https:\/\/trivec.aws-staging.swace.se\/be-fr\/?s={search_term_string}\"},\"query-input\":{\"@type\":\"PropertyValueSpecification\",\"valueRequired\":true,\"valueName\":\"search_term_string\"}}],\"inLanguage\":\"fr-BE\"}]}<\/script>\n<!-- \/ Yoast SEO plugin. -->","yoast_head_json":{"title":"Clients - Trivec","description":"Nous avons plus de 7\u2009000 clients en Europe, des petits caf\u00e9s et bars aux grands restaurants et cha\u00eenes d\u2019h\u00f4tels.Ils parlent ici de notre collaboration.","robots":{"index":"noindex","follow":"follow"},"og_locale":"en_US","og_type":"article","og_title":"Clients - Trivec","og_description":"Nous avons plus de 7\u2009000 clients en Europe, des petits caf\u00e9s et bars aux grands restaurants et cha\u00eenes d\u2019h\u00f4tels.Ils parlent ici de notre collaboration.","og_url":"https:\/\/trivec.aws-staging.swace.se\/be-fr\/clients\/","og_site_name":"Trivec","article_modified_time":"2023-01-11T08:50:55+00:00","twitter_card":"summary_large_image","twitter_misc":{"Est. reading time":"3 minutes"},"schema":{"@context":"https:\/\/schema.org","@graph":[{"@type":"WebPage","@id":"https:\/\/trivec.aws-staging.swace.se\/be-fr\/clients\/","url":"https:\/\/trivec.aws-staging.swace.se\/be-fr\/clients\/","name":"Clients - Trivec","isPartOf":{"@id":"https:\/\/trivec.aws-staging.swace.se\/be-fr\/#website"},"datePublished":"2018-12-05T14:37:03+00:00","dateModified":"2023-01-11T08:50:55+00:00","description":"Nous avons plus de 7\u2009000 clients en Europe, des petits caf\u00e9s et bars aux grands restaurants et cha\u00eenes d\u2019h\u00f4tels.Ils parlent ici de notre collaboration.","breadcrumb":{"@id":"https:\/\/trivec.aws-staging.swace.se\/be-fr\/clients\/#breadcrumb"},"inLanguage":"fr-BE","potentialAction":[{"@type":"ReadAction","target":["https:\/\/trivec.aws-staging.swace.se\/be-fr\/clients\/"]}]},{"@type":"BreadcrumbList","@id":"https:\/\/trivec.aws-staging.swace.se\/be-fr\/clients\/#breadcrumb","itemListElement":[{"@type":"ListItem","position":1,"name":"Home","item":"https:\/\/trivec.aws-staging.swace.se\/be-fr\/"},{"@type":"ListItem","position":2,"name":"Clients"}]},{"@type":"WebSite","@id":"https:\/\/trivec.aws-staging.swace.se\/be-fr\/#website","url":"https:\/\/trivec.aws-staging.swace.se\/be-fr\/","name":"Trivec","description":"Leader du march\u00e9 en caisses enregistreuses et automatisation de bar","potentialAction":[{"@type":"SearchAction","target":{"@type":"EntryPoint","urlTemplate":"https:\/\/trivec.aws-staging.swace.se\/be-fr\/?s={search_term_string}"},"query-input":{"@type":"PropertyValueSpecification","valueRequired":true,"valueName":"search_term_string"}}],"inLanguage":"fr-BE"}]}},"_links":{"self":[{"href":"https:\/\/trivec.aws-staging.swace.se\/be-fr\/wp-json\/wp\/v2\/pages\/1100","targetHints":{"allow":["GET"]}}],"collection":[{"href":"https:\/\/trivec.aws-staging.swace.se\/be-fr\/wp-json\/wp\/v2\/pages"}],"about":[{"href":"https:\/\/trivec.aws-staging.swace.se\/be-fr\/wp-json\/wp\/v2\/types\/page"}],"author":[{"embeddable":true,"href":"https:\/\/trivec.aws-staging.swace.se\/be-fr\/wp-json\/wp\/v2\/users\/2"}],"replies":[{"embeddable":true,"href":"https:\/\/trivec.aws-staging.swace.se\/be-fr\/wp-json\/wp\/v2\/comments?post=1100"}],"version-history":[{"count":12,"href":"https:\/\/trivec.aws-staging.swace.se\/be-fr\/wp-json\/wp\/v2\/pages\/1100\/revisions"}],"predecessor-version":[{"id":29754,"href":"https:\/\/trivec.aws-staging.swace.se\/be-fr\/wp-json\/wp\/v2\/pages\/1100\/revisions\/29754"}],"wp:attachment":[{"href":"https:\/\/trivec.aws-staging.swace.se\/be-fr\/wp-json\/wp\/v2\/media?parent=1100"}],"curies":[{"name":"wp","href":"https:\/\/api.w.org\/{rel}","templated":true}]}}